{"id":927,"date":"2020-07-22T19:16:47","date_gmt":"2020-07-22T19:16:47","guid":{"rendered":"https:\/\/actours.com.co\/sitio\/?page_id=927"},"modified":"2024-06-24T15:48:35","modified_gmt":"2024-06-24T20:48:35","slug":"europa","status":"publish","type":"page","link":"https:\/\/actours.com.co\/sitio\/europa\/","title":{"rendered":"Madrid, Espa\u00f1a"},"content":{"rendered":"\t\t<div data-elementor-type=\"wp-page\" data-elementor-id=\"927\" class=\"elementor elementor-927\">\n\t\t\t\t\t\t<section class=\"elementor-section elementor-top-section elementor-element elementor-element-5cb9612f elementor-section-boxed elementor-section-height-default elementor-section-height-default\" data-id=\"5cb9612f\" data-element_type=\"section\" data-e-type=\"section\">\n\t\t\t\t\t\t<div class=\"elementor-container elementor-column-gap-default\">\n\t\t\t\t\t<div class=\"elementor-column elementor-col-100 elementor-top-column elementor-element elementor-element-2904e123\" data-id=\"2904e123\" data-element_type=\"column\" data-e-type=\"column\">\n\t\t\t<div class=\"elementor-widget-wrap elementor-element-populated\">\n\t\t\t\t\t\t<div class=\"elementor-element elementor-element-95ced34 elementor-widget elementor-widget-image\" data-id=\"95ced34\" data-element_type=\"widget\" data-e-type=\"widget\" data-widget_type=\"image.default\">\n\t\t\t\t<div class=\"elementor-widget-container\">\n\t\t\t\t\t\t\t\t\t\t\t\t\t\t\t<img fetchpriority=\"high\" decoding=\"async\" width=\"1024\" height=\"576\" src=\"https:\/\/actours.com.co\/sitio\/wp-content\/uploads\/2024\/04\/foto-madrid-1024x576.jpg\" class=\"attachment-large size-large wp-image-1161\" alt=\"\" srcset=\"https:\/\/actours.com.co\/sitio\/wp-content\/uploads\/2024\/04\/foto-madrid-1024x576.jpg 1024w, https:\/\/actours.com.co\/sitio\/wp-content\/uploads\/2024\/04\/foto-madrid-300x169.jpg 300w, https:\/\/actours.com.co\/sitio\/wp-content\/uploads\/2024\/04\/foto-madrid-768x432.jpg 768w, https:\/\/actours.com.co\/sitio\/wp-content\/uploads\/2024\/04\/foto-madrid.jpg 1350w\" sizes=\"(max-width: 1024px) 100vw, 1024px\" \/>\t\t\t\t\t\t\t\t\t\t\t\t\t\t\t<\/div>\n\t\t\t\t<\/div>\n\t\t\t\t<div class=\"elementor-element elementor-element-604201e4 elementor-widget elementor-widget-text-editor\" data-id=\"604201e4\" data-element_type=\"widget\" data-e-type=\"widget\" data-widget_type=\"text-editor.default\">\n\t\t\t\t<div class=\"elementor-widget-container\">\n\t\t\t\t\t\t\t\t\t<p><span style=\"color: #000000;\">Capital de las mil opciones. Madrid, alegre y despierta a todas horas, es famosa por ser una ciudad abierta en la que se mezcla gente de todo tipo y de cualquier lugar. Sede del Gobierno de Espa\u00f1a, cuenta con una importante red de transportes que la conecta con todo el pa\u00eds.\u00a0<\/span><\/p><p><span style=\"color: #000000;\">Adem\u00e1s de sus conocidos museos, sus animadas avenidas con todo tipo de tiendas, sus restaurantes de cocinas del mundo o su vida nocturna incomparable, Madrid sorprende con tranquilos rincones hist\u00f3ricos llenos de encanto por los que pasear, con centenarias tabernas castizas de tradici\u00f3n familiar en las que los amigos se encuentran para tomar algo, con barrios de todos los estilos y con centros culturales alternativos a los circuitos m\u00e1s tur\u00edsticos. Madrid tiene una autenticidad dif\u00edcil de igualar.<\/span><\/p><p><span style=\"color: #000000;\"><strong>Ibis Budget Madrid Aeropuerto<\/strong><\/span><\/p><p><img decoding=\"async\" class=\"alignnone  wp-image-1172\" src=\"https:\/\/actours.com.co\/sitio\/wp-content\/uploads\/2024\/04\/hotle-ibis-300x200.jpg\" alt=\"\" width=\"469\" height=\"312\" srcset=\"https:\/\/actours.com.co\/sitio\/wp-content\/uploads\/2024\/04\/hotle-ibis-300x200.jpg 300w, https:\/\/actours.com.co\/sitio\/wp-content\/uploads\/2024\/04\/hotle-ibis-768x512.jpg 768w, https:\/\/actours.com.co\/sitio\/wp-content\/uploads\/2024\/04\/hotle-ibis-930x620.jpg 930w, https:\/\/actours.com.co\/sitio\/wp-content\/uploads\/2024\/04\/hotle-ibis.jpg 1024w\" sizes=\"(max-width: 469px) 100vw, 469px\" \/><\/p><p><span style=\"color: #000000;\">Hotel ibis Madrid Aeropuerto Barajas se sit\u00faa en Madrid. Cuenta con wi-fi gratis en zonas comunes y recepci\u00f3n 24 hrs, adem\u00e1s de venta de entradas.<\/span><br \/><br \/><span style=\"color: #000000;\"><strong>Necesitas saber:<\/strong><\/span><br \/><span style=\"color: #000000;\">\u2022 Check-in y check-out express<\/span><br \/><span style=\"color: #000000;\">\u2022 Caja fuerte en la recepci\u00f3n<\/span><br \/><span style=\"color: #000000;\">\u2022 Propiedad libre de humo<\/span><br \/><br \/><span style=\"color: #000000;\">El alojamiento sirve diariamente el desayuno con costo adicional, el cual se ofrece en el bar. Tambi\u00e9n dispone de snack bar.<\/span><br \/><br \/><span style=\"color: #000000;\">Entre los servicios de la propiedad se encuentran jard\u00edn, ascensor y servicio de conserjer\u00eda. Por un cargo, la propiedad cuenta con estacionamiento, servicio de guarda-equipaje y servicio de lavander\u00eda.<\/span><\/p><p><span style=\"color: #000000;\"><strong>Hotel Eurostars Monte Real<\/strong><\/span><\/p><p><img decoding=\"async\" class=\"alignnone  wp-image-1171\" src=\"https:\/\/actours.com.co\/sitio\/wp-content\/uploads\/2024\/04\/hotel-monte-real-300x181.png\" alt=\"\" width=\"453\" height=\"273\" srcset=\"https:\/\/actours.com.co\/sitio\/wp-content\/uploads\/2024\/04\/hotel-monte-real-300x181.png 300w, https:\/\/actours.com.co\/sitio\/wp-content\/uploads\/2024\/04\/hotel-monte-real-768x463.png 768w, https:\/\/actours.com.co\/sitio\/wp-content\/uploads\/2024\/04\/hotel-monte-real.png 1001w\" sizes=\"(max-width: 453px) 100vw, 453px\" \/><\/p><p><span style=\"color: #000000;\">Hotel Eurostars Monte Real se sit\u00faa en Madrid. Cuenta con wi-fi gratis en zonas comunes, gimnasio y recepci\u00f3n 24 hrs, as\u00ed como servicio de ni\u00f1era.<\/span><br \/><br \/><strong><span style=\"color: #000000;\">Necesitas saber:<\/span><\/strong><br \/><span style=\"color: #000000;\">\u2022 Mascotas: no se admiten<\/span><br \/><span style=\"color: #000000;\">\u2022 Caja fuerte en la recepci\u00f3n<\/span><br \/><br \/><span style=\"color: #000000;\">El alojamiento sirve diariamente el desayuno con costo adicional, el cual se ofrece en el bar. Tambi\u00e9n dispone de snack bar.<\/span><br \/><br \/><span style=\"color: #000000;\">Entre los servicios de la propiedad se encuentran venta de entradas, centro de negocios, sala de reuniones y peluquer\u00eda. Los hu\u00e9spedes tambi\u00e9n podr\u00e1n disfrutar de terraza y jard\u00edn. Por un suplemento, la propiedad cuenta con estacionamiento, bicicletas disponibles y servicio de guarda-equipaje.<\/span><\/p>\t\t\t\t\t\t\t\t<\/div>\n\t\t\t\t<\/div>\n\t\t\t\t\t<\/div>\n\t\t<\/div>\n\t\t\t\t\t<\/div>\n\t\t<\/section>\n\t\t\t\t<section class=\"elementor-section elementor-top-section elementor-element elementor-element-310a405 elementor-section-boxed elementor-section-height-default elementor-section-height-default\" data-id=\"310a405\" data-element_type=\"section\" data-e-type=\"section\">\n\t\t\t\t\t\t<div class=\"elementor-container elementor-column-gap-default\">\n\t\t\t\t\t<div class=\"elementor-column elementor-col-100 elementor-top-column elementor-element elementor-element-08eb6bf\" data-id=\"08eb6bf\" data-element_type=\"column\" data-e-type=\"column\">\n\t\t\t<div class=\"elementor-widget-wrap\">\n\t\t\t\t\t\t\t<\/div>\n\t\t<\/div>\n\t\t\t\t\t<\/div>\n\t\t<\/section>\n\t\t\t\t<\/div>\n\t\t","protected":false},"excerpt":{"rendered":"<p>Capital de las mil opciones. Madrid, alegre y despierta a todas horas, es famosa por ser una ciudad abierta en la que se mezcla gente de todo tipo y de cualquier lugar. Sede del Gobierno de Espa\u00f1a, cuenta con una importante red de transportes que la conecta con todo el pa\u00eds.\u00a0 Adem\u00e1s de sus conocidos&hellip;&nbsp;<a href=\"https:\/\/actours.com.co\/sitio\/europa\/\" rel=\"bookmark\">Leer m\u00e1s &raquo;<span class=\"screen-reader-text\">Madrid, Espa\u00f1a<\/span><\/a><\/p>\n","protected":false},"author":1,"featured_media":0,"parent":0,"menu_order":0,"comment_status":"closed","ping_status":"closed","template":"","meta":{"neve_meta_sidebar":"","neve_meta_container":"","neve_meta_enable_content_width":"off","neve_meta_content_width":100,"neve_meta_title_alignment":"","neve_meta_author_avatar":"","neve_post_elements_order":"","neve_meta_disable_header":"","neve_meta_disable_footer":"","neve_meta_disable_title":"","_themeisle_gutenberg_block_has_review":false,"_joinchat":[],"footnotes":""},"class_list":["post-927","page","type-page","status-publish","hentry"],"_links":{"self":[{"href":"https:\/\/actours.com.co\/sitio\/wp-json\/wp\/v2\/pages\/927","targetHints":{"allow":["GET"]}}],"collection":[{"href":"https:\/\/actours.com.co\/sitio\/wp-json\/wp\/v2\/pages"}],"about":[{"href":"https:\/\/actours.com.co\/sitio\/wp-json\/wp\/v2\/types\/page"}],"author":[{"embeddable":true,"href":"https:\/\/actours.com.co\/sitio\/wp-json\/wp\/v2\/users\/1"}],"replies":[{"embeddable":true,"href":"https:\/\/actours.com.co\/sitio\/wp-json\/wp\/v2\/comments?post=927"}],"version-history":[{"count":9,"href":"https:\/\/actours.com.co\/sitio\/wp-json\/wp\/v2\/pages\/927\/revisions"}],"predecessor-version":[{"id":1489,"href":"https:\/\/actours.com.co\/sitio\/wp-json\/wp\/v2\/pages\/927\/revisions\/1489"}],"wp:attachment":[{"href":"https:\/\/actours.com.co\/sitio\/wp-json\/wp\/v2\/media?parent=927"}],"curies":[{"name":"wp","href":"https:\/\/api.w.org\/{rel}","templated":true}]}}