{"id":908,"date":"2020-07-22T19:08:18","date_gmt":"2020-07-22T19:08:18","guid":{"rendered":"https:\/\/actours.com.co\/sitio\/?page_id=908"},"modified":"2024-06-25T09:42:59","modified_gmt":"2024-06-25T14:42:59","slug":"miami-y-florida-estados-unidos","status":"publish","type":"page","link":"https:\/\/actours.com.co\/sitio\/miami-y-florida-estados-unidos\/","title":{"rendered":"Miami, Estados Unidos"},"content":{"rendered":"<div class=\"wp-block-image\">\n<figure class=\"aligncenter size-large\"><img fetchpriority=\"high\" decoding=\"async\" width=\"1024\" height=\"654\" src=\"https:\/\/actours.com.co\/sitio\/wp-content\/uploads\/2024\/04\/foto-miami-1024x654.jpg\" alt=\"\" class=\"wp-image-1164\" srcset=\"https:\/\/actours.com.co\/sitio\/wp-content\/uploads\/2024\/04\/foto-miami-1024x654.jpg 1024w, https:\/\/actours.com.co\/sitio\/wp-content\/uploads\/2024\/04\/foto-miami-300x191.jpg 300w, https:\/\/actours.com.co\/sitio\/wp-content\/uploads\/2024\/04\/foto-miami-768x490.jpg 768w, https:\/\/actours.com.co\/sitio\/wp-content\/uploads\/2024\/04\/foto-miami.jpg 1172w\" sizes=\"(max-width: 1024px) 100vw, 1024px\" \/><\/figure>\n<\/div>\n\n\n<p>Destino tur\u00edstico de sol y playa por excelencia, Miami es un para\u00edso tropical que todo el mundo deber\u00eda conocer. Si ya tienes pensando viajar a Miami,\u00a0\u00e9chale un vistazo a nuestra gu\u00eda; puede ser de gran ayuda a la hora de planificar tu viaje y te ayudar\u00e1 a ahorrar dinero.<\/p>\n<p>\n\n\n\n<\/p>\n<p>Miami es diferente al resto de ciudades estadounidenses. Su privilegiada ubicaci\u00f3n al sur de Florida lo convierte en un destino tur\u00edstico en el que se puede disfrutar de un clima c\u00e1lido durante los doce meses del a\u00f1o.<\/p>\n<p>\n\n\n\n<\/p>\n<p>Con una temperatura media anual de 24 grados, las playas de Miami se encuentran repletas de gente la mayor parte del a\u00f1o. Sus interminables extensiones de arena blanca combinadas con su agua de un color azul casi irreal forman un marco incomparable en el que pasar las vacaciones.<\/p>\n<h3><strong>Holiday Inn Miami International Airport Hotel<\/strong><\/h3>\n\n\n\n\n\n<figure class=\"wp-block-gallery-1 is-layout-flex wp-block-gallery-is-layout-flex is-layout-flow wp-block-column-is-layout-flow wp-container-core-columns-is-layout-9d6595d7 wp-block-columns-is-layout-flex\">\n\n<figure><img decoding=\"async\" data-id=\"1240\" src=\"https:\/\/actours.com.co\/sitio\/wp-content\/uploads\/2024\/06\/hotel-2-edited.png\" alt=\"\" width=\"316\" height=\"221\" \/><\/figure>\n<\/figure>\n\n\n<p>Est\u00e1 localizado en Miami. Dispone de piscina, wi-fi gratis en zonas comunes y servicio de traslado al aeropuerto gratis, as\u00ed como estacionamiento gratis.<br \/><br \/>Necesitas saber:<br \/>\u2022 Accesible para personas con movilidad reducida<br \/>\u2022 Unidades adaptadas a personas con movilidad reducida<br \/>\u2022 Check-in y check-out express<br \/>\u2022 Mascotas: no se admiten<br \/><br \/>El alojamiento sirve diariamente el desayuno con costo adicional, el cual se ofrece en el bar. Tambi\u00e9n dispone de snack bar.<br \/><br \/>Las comodidades incluyen gimnasio, recepci\u00f3n 24 hrs, centro de negocios y sala de reuniones. Los hu\u00e9spedes tambi\u00e9n podr\u00e1n disfrutar de computadora para hu\u00e9spedes y cajero autom\u00e1tico. Por un costo adicional, la propiedad cuenta con estacionamiento, servicio de guarda-equipaje y servicio de lavander\u00eda.<\/p>\n\n\n\n\n\n\n\n\n<figure class=\"wp-block-gallery-2 is-layout-flex wp-block-gallery-is-layout-flex is-layout-flow wp-block-column-is-layout-flow wp-container-core-columns-is-layout-9d6595d7 wp-block-columns-is-layout-flex\">\n\n<figure><img decoding=\"async\" data-id=\"1239\" src=\"https:\/\/actours.com.co\/sitio\/wp-content\/uploads\/2024\/06\/hotel-edited.png\" alt=\"\" width=\"306\" height=\"201\" \/><\/figure>\n<\/figure>\n\n\n<p>Se encuentra en Miami. Dispone de piscina, wi-fi gratis en zonas comunes y servicio de traslado al aeropuerto gratis, as\u00ed como servicio de traslado en los alrededores gratis.<br \/><br \/>Necesitas saber:<br \/>\u2022 Accesible para personas con movilidad reducida<br \/>\u2022 Mascotas: no se admiten<br \/>\u2022 Caja fuerte en la recepci\u00f3n<br \/>\u2022 Propiedad libre de humo<br \/><br \/>El establecimiento posee un bar donde podr\u00e1s degustar las especialidades de la casa.<br \/><br \/>Entre los servicios de la propiedad se encuentran gimnasio, recepci\u00f3n 24 hrs, venta de entradas y centro de negocios. Los hu\u00e9spedes tambi\u00e9n podr\u00e1n disfrutar de sala de reuniones y cajero autom\u00e1tico. Por un costo adicional, la propiedad cuenta con estacionamiento, servicio de guarda-equipaje y servicio de lavander\u00eda.<\/p>\n<h3><strong>Four Points by Sheraton Miami<\/strong><\/h3>\n\n\n\n\n<figure class=\"wp-block-gallery-3 is-layout-flex wp-block-gallery-is-layout-flex is-layout-flow wp-block-column-is-layout-flow wp-container-core-columns-is-layout-9d6595d7 wp-block-columns-is-layout-flex\">\n<figure><img decoding=\"async\" data-id=\"1240\" src=\"https:\/\/actours.com.co\/sitio\/wp-content\/uploads\/2024\/06\/hotel-2-edited.png\" alt=\"\" width=\"316\" height=\"221\" \/><\/figure>\n<\/figure>\n\n<p>Est\u00e1 localizado en Miami. Dispone de piscina, wi-fi gratis en zonas comunes y servicio de traslado al aeropuerto gratis, as\u00ed como estacionamiento gratis.<br \/><br \/>Necesitas saber:<br \/>\u2022 Accesible para personas con movilidad reducida<br \/>\u2022 Unidades adaptadas a personas con movilidad reducida<br \/>\u2022 Check-in y check-out express<br \/>\u2022 Mascotas: no se admiten<br \/><br \/>El alojamiento sirve diariamente el desayuno con costo adicional, el cual se ofrece en el bar. Tambi\u00e9n dispone de snack bar.<br \/><br \/>Las comodidades incluyen gimnasio, recepci\u00f3n 24 hrs, centro de negocios y sala de reuniones. Los hu\u00e9spedes tambi\u00e9n podr\u00e1n disfrutar de computadora para hu\u00e9spedes y cajero autom\u00e1tico. Por un costo adicional, la propiedad cuenta con estacionamiento, servicio de guarda-equipaje y servicio de lavander\u00eda.<\/p>\n\n","protected":false},"excerpt":{"rendered":"<p>Destino tur\u00edstico de sol y playa por excelencia, Miami es un para\u00edso tropical que todo el mundo deber\u00eda conocer. Si ya tienes pensando viajar a Miami,\u00a0\u00e9chale un vistazo a nuestra gu\u00eda; puede ser de gran ayuda a la hora de planificar tu viaje y te ayudar\u00e1 a ahorrar dinero. Miami es diferente al resto de&hellip;&nbsp;<a href=\"https:\/\/actours.com.co\/sitio\/miami-y-florida-estados-unidos\/\" rel=\"bookmark\">Leer m\u00e1s &raquo;<span class=\"screen-reader-text\">Miami, Estados Unidos<\/span><\/a><\/p>\n","protected":false},"author":1,"featured_media":0,"parent":0,"menu_order":0,"comment_status":"closed","ping_status":"closed","template":"","meta":{"neve_meta_sidebar":"","neve_meta_container":"","neve_meta_enable_content_width":"off","neve_meta_content_width":100,"neve_meta_title_alignment":"","neve_meta_author_avatar":"","neve_post_elements_order":"","neve_meta_disable_header":"","neve_meta_disable_footer":"","neve_meta_disable_title":"","_themeisle_gutenberg_block_has_review":false,"_joinchat":[],"footnotes":""},"class_list":["post-908","page","type-page","status-publish","hentry"],"_links":{"self":[{"href":"https:\/\/actours.com.co\/sitio\/wp-json\/wp\/v2\/pages\/908","targetHints":{"allow":["GET"]}}],"collection":[{"href":"https:\/\/actours.com.co\/sitio\/wp-json\/wp\/v2\/pages"}],"about":[{"href":"https:\/\/actours.com.co\/sitio\/wp-json\/wp\/v2\/types\/page"}],"author":[{"embeddable":true,"href":"https:\/\/actours.com.co\/sitio\/wp-json\/wp\/v2\/users\/1"}],"replies":[{"embeddable":true,"href":"https:\/\/actours.com.co\/sitio\/wp-json\/wp\/v2\/comments?post=908"}],"version-history":[{"count":20,"href":"https:\/\/actours.com.co\/sitio\/wp-json\/wp\/v2\/pages\/908\/revisions"}],"predecessor-version":[{"id":1523,"href":"https:\/\/actours.com.co\/sitio\/wp-json\/wp\/v2\/pages\/908\/revisions\/1523"}],"wp:attachment":[{"href":"https:\/\/actours.com.co\/sitio\/wp-json\/wp\/v2\/media?parent=908"}],"curies":[{"name":"wp","href":"https:\/\/api.w.org\/{rel}","templated":true}]}}