{"id":903,"date":"2020-07-22T18:51:56","date_gmt":"2020-07-22T18:51:56","guid":{"rendered":"https:\/\/actours.com.co\/sitio\/?page_id=903"},"modified":"2024-06-25T09:39:00","modified_gmt":"2024-06-25T14:39:00","slug":"buenos-aires","status":"publish","type":"page","link":"https:\/\/actours.com.co\/sitio\/buenos-aires\/","title":{"rendered":"Buenos Aires, Argentina"},"content":{"rendered":"\t\t<div data-elementor-type=\"wp-page\" data-elementor-id=\"903\" class=\"elementor elementor-903\">\n\t\t\t\t\t\t<section class=\"elementor-section elementor-top-section elementor-element elementor-element-6b6bcd28 elementor-section-boxed elementor-section-height-default elementor-section-height-default\" data-id=\"6b6bcd28\" data-element_type=\"section\" data-e-type=\"section\">\n\t\t\t\t\t\t<div class=\"elementor-container elementor-column-gap-default\">\n\t\t\t\t\t<div class=\"elementor-column elementor-col-100 elementor-top-column elementor-element elementor-element-61fad3d0\" data-id=\"61fad3d0\" data-element_type=\"column\" data-e-type=\"column\">\n\t\t\t<div class=\"elementor-widget-wrap elementor-element-populated\">\n\t\t\t\t\t\t<div class=\"elementor-element elementor-element-a8ffdc4 elementor-widget elementor-widget-image\" data-id=\"a8ffdc4\" data-element_type=\"widget\" data-e-type=\"widget\" data-widget_type=\"image.default\">\n\t\t\t\t<div class=\"elementor-widget-container\">\n\t\t\t\t\t\t\t\t\t\t\t\t\t\t\t<img fetchpriority=\"high\" decoding=\"async\" width=\"1024\" height=\"683\" src=\"https:\/\/actours.com.co\/sitio\/wp-content\/uploads\/2024\/04\/foto-buenos-aires-1024x683.jpg\" class=\"attachment-large size-large wp-image-1158\" alt=\"\" srcset=\"https:\/\/actours.com.co\/sitio\/wp-content\/uploads\/2024\/04\/foto-buenos-aires-1024x683.jpg 1024w, https:\/\/actours.com.co\/sitio\/wp-content\/uploads\/2024\/04\/foto-buenos-aires-300x200.jpg 300w, https:\/\/actours.com.co\/sitio\/wp-content\/uploads\/2024\/04\/foto-buenos-aires-768x512.jpg 768w, https:\/\/actours.com.co\/sitio\/wp-content\/uploads\/2024\/04\/foto-buenos-aires-930x620.jpg 930w, https:\/\/actours.com.co\/sitio\/wp-content\/uploads\/2024\/04\/foto-buenos-aires.jpg 1056w\" sizes=\"(max-width: 1024px) 100vw, 1024px\" \/>\t\t\t\t\t\t\t\t\t\t\t\t\t\t\t<\/div>\n\t\t\t\t<\/div>\n\t\t\t\t<div class=\"elementor-element elementor-element-5c532360 elementor-widget elementor-widget-text-editor\" data-id=\"5c532360\" data-element_type=\"widget\" data-e-type=\"widget\" data-widget_type=\"text-editor.default\">\n\t\t\t\t<div class=\"elementor-widget-container\">\n\t\t\t\t\t\t\t\t\t\n<div class=\"wp-block-image\" style=\"text-align: left;\">\n<figure class=\"aligncenter size-large\"><span style=\"color: #000000;\"><img decoding=\"async\" class=\"wp-image-904 alignleft\" src=\"https:\/\/actours.com.co\/sitio\/wp-content\/uploads\/2020\/07\/ORLANDO_531f4cb141cae.jpg\" alt=\"\" \/><\/span>\n<p style=\"text-align: left;\"><span style=\"color: #000000;\">Es la ciudad m\u00e1s visitada de Am\u00e9rica del Sur. El tejido urbano se asemeja a un abanico que limita al sur, oeste y norte con la provincia de Buenos Aires y al este con el r\u00edo. \u00a0<\/span><\/p>\n<p style=\"text-align: left;\"><span style=\"color: #000000;\">Entre sus lugares tur\u00edsticos m\u00e1s importantes est\u00e1n el casco hist\u00f3rico y la Casa Rosada (Casa de Gobierno)<strong>,\u00a0<\/strong>los barrios tradicionales de San Telmo y Monserrat, as\u00ed como la Avenida de Mayo, La Boca (y especialmente Caminito), Puerto Madero y el Cementerio de la Recoleta.\u00a0<\/span><\/p>\n<h3 style=\"text-align: left;\"><span style=\"color: #000000;\"><strong>GrandView Hotel &amp; Convention Center<\/strong><\/span><\/h3>\n<p style=\"text-align: left;\"><img decoding=\"async\" class=\"alignnone  wp-image-1170\" src=\"https:\/\/actours.com.co\/sitio\/wp-content\/uploads\/2024\/04\/hotel-grandview-184x300.jpg\" alt=\"\" width=\"321\" height=\"523\" srcset=\"https:\/\/actours.com.co\/sitio\/wp-content\/uploads\/2024\/04\/hotel-grandview-184x300.jpg 184w, https:\/\/actours.com.co\/sitio\/wp-content\/uploads\/2024\/04\/hotel-grandview.jpg 614w\" sizes=\"(max-width: 321px) 100vw, 321px\" \/><\/p>\n<p style=\"text-align: left;\"><span style=\"color: #000000;\">GrandView Hotel &amp; Convention Center se encuentra en Buenos Aires. Ofrece piscina al aire libre de temporada, wi-fi gratis en zonas comunes y gimnasio, as\u00ed como recepci\u00f3n 24 hrs.<\/span><br \/><br \/><span style=\"color: #000000;\"><strong>Necesitas saber:<\/strong><\/span><br \/><span style=\"color: #000000;\">\u2022 Unidades adaptadas a personas con movilidad reducida<\/span><br \/><span style=\"color: #000000;\">\u2022 Mascotas: no se admiten<\/span><br \/><span style=\"color: #000000;\">\u2022 Propiedad libre de humo<\/span><br \/><br \/><span style=\"color: #000000;\">El alojamiento ofrece todos los d\u00edas el desayuno.<\/span><br \/><br \/><span style=\"color: #000000;\">Entre los servicios de la propiedad se encuentran piscina infantil, venta de entradas, centro de negocios y jard\u00edn. Los hu\u00e9spedes tambi\u00e9n podr\u00e1n disfrutar de ascensor y servicio de conserjer\u00eda. Por un costo adicional, la propiedad cuenta con estacionamiento.<\/span><\/p>\n<h3 style=\"text-align: left;\"><span style=\"color: #000000;\"><strong>HR Luxor Buenos Aires<\/strong><\/span><\/h3>\n<p style=\"text-align: left;\"><img decoding=\"async\" class=\"alignnone  wp-image-1506\" src=\"https:\/\/actours.com.co\/sitio\/wp-content\/uploads\/2024\/06\/hotel-buenos-aires-196x300.jpg\" alt=\"\" width=\"335\" height=\"513\" \/><\/p>\n<\/figure>\n<p style=\"text-align: left;\"><span style=\"color: #000000;\">El HR Luxor Buenos Aires est\u00e1 ubicado en el centro de Buenos Aires. Dispone de una terraza con ba\u00f1era de hidromasaje, sauna y gimnasio.<\/span><br \/><br \/><span style=\"color: #000000;\">El Diagonal Restaurant, con vistas a la ciudad, ofrece ensaladas, carnes y pastas.<\/span><br \/><br \/><strong><span style=\"color: #000000;\">Br\u00fajula:<\/span><\/strong><br \/><span style=\"color: #000000;\">\u2022 La Avenida Corrientes y el Obelisco est\u00e1n a 100 m del hotel.<\/span><br \/><span style=\"color: #000000;\">\u2022 La calle Florida se encuentra a 5 minutos a pie.<\/span><br \/><span style=\"color: #000000;\">\u2022 El Teatro Col\u00f3n y la Plaza de Mayo se sit\u00faan a 600 m.<\/span><br \/><span style=\"color: #000000;\">\u2022 El Caf\u00e9 Tortoni est\u00e1 a 500 m.<\/span><br \/><span style=\"color: #000000;\">\u2022 El barrio de San Telmo est\u00e1 a 1,5 km.<\/span><br \/><span style=\"color: #000000;\">\u2022 El Aeropuerto Internacional Jorge Newbery est\u00e1 a 7 km.<\/span><br \/><span style=\"color: #000000;\">\u2022 El Aeropuerto Internacional de Ezeiza est\u00e1 a 31 km.<\/span><\/p>\n<\/div>\n\t\t\t\t\t\t\t\t<\/div>\n\t\t\t\t<\/div>\n\t\t\t\t\t<\/div>\n\t\t<\/div>\n\t\t\t\t\t<\/div>\n\t\t<\/section>\n\t\t\t\t<section class=\"elementor-section elementor-top-section elementor-element elementor-element-9fdaed9 elementor-section-boxed elementor-section-height-default elementor-section-height-default\" data-id=\"9fdaed9\" data-element_type=\"section\" data-e-type=\"section\">\n\t\t\t\t\t\t<div class=\"elementor-container elementor-column-gap-default\">\n\t\t\t\t\t<div class=\"elementor-column elementor-col-100 elementor-top-column elementor-element elementor-element-698e198\" data-id=\"698e198\" data-element_type=\"column\" data-e-type=\"column\">\n\t\t\t<div class=\"elementor-widget-wrap\">\n\t\t\t\t\t\t\t<\/div>\n\t\t<\/div>\n\t\t\t\t\t<\/div>\n\t\t<\/section>\n\t\t\t\t<\/div>\n\t\t","protected":false},"excerpt":{"rendered":"","protected":false},"author":1,"featured_media":0,"parent":0,"menu_order":0,"comment_status":"closed","ping_status":"closed","template":"","meta":{"neve_meta_sidebar":"","neve_meta_container":"","neve_meta_enable_content_width":"off","neve_meta_content_width":100,"neve_meta_title_alignment":"","neve_meta_author_avatar":"","neve_post_elements_order":"","neve_meta_disable_header":"","neve_meta_disable_footer":"","neve_meta_disable_title":"","_themeisle_gutenberg_block_has_review":false,"_joinchat":[],"footnotes":""},"class_list":["post-903","page","type-page","status-publish","hentry"],"_links":{"self":[{"href":"https:\/\/actours.com.co\/sitio\/wp-json\/wp\/v2\/pages\/903","targetHints":{"allow":["GET"]}}],"collection":[{"href":"https:\/\/actours.com.co\/sitio\/wp-json\/wp\/v2\/pages"}],"about":[{"href":"https:\/\/actours.com.co\/sitio\/wp-json\/wp\/v2\/types\/page"}],"author":[{"embeddable":true,"href":"https:\/\/actours.com.co\/sitio\/wp-json\/wp\/v2\/users\/1"}],"replies":[{"embeddable":true,"href":"https:\/\/actours.com.co\/sitio\/wp-json\/wp\/v2\/comments?post=903"}],"version-history":[{"count":22,"href":"https:\/\/actours.com.co\/sitio\/wp-json\/wp\/v2\/pages\/903\/revisions"}],"predecessor-version":[{"id":1519,"href":"https:\/\/actours.com.co\/sitio\/wp-json\/wp\/v2\/pages\/903\/revisions\/1519"}],"wp:attachment":[{"href":"https:\/\/actours.com.co\/sitio\/wp-json\/wp\/v2\/media?parent=903"}],"curies":[{"name":"wp","href":"https:\/\/api.w.org\/{rel}","templated":true}]}}