{"id":883,"date":"2020-07-22T18:04:04","date_gmt":"2020-07-22T18:04:04","guid":{"rendered":"https:\/\/actours.com.co\/sitio\/?page_id=883"},"modified":"2020-07-23T17:56:04","modified_gmt":"2020-07-23T17:56:04","slug":"hotel-casa-blanca-san-andres-islas","status":"publish","type":"page","link":"https:\/\/actours.com.co\/sitio\/hotel-casa-blanca-san-andres-islas\/","title":{"rendered":"Hotel Casa Blanca San Andr\u00e9s Islas"},"content":{"rendered":"\n<div class=\"wp-block-image\"><figure class=\"aligncenter size-large\"><img decoding=\"async\" src=\"https:\/\/actours.com.co\/sitio\/wp-content\/uploads\/2020\/07\/Hotel_Casa_Blanc_55ca67382c496_260x135.jpg\" alt=\"\" class=\"wp-image-884\"\/><\/figure><\/div>\n\n\n\n<p>Este hotel, ubicado en la hermosa isla de san Andr\u00e9s en Colombia en el mar de los siete colores, a tan s\u00f3lo 5 minutos del aeropuerto, casa blanca encierra tota la magia y el encanto del caribe. Un hotel en san Andr\u00e9s frente a la playa.<\/p>\n\n\n\n<p>Incluye:<\/p>\n\n\n\n<ul class=\"wp-block-list\"><li>Tiquetes a\u00e9reos<\/li><li>Alimentaci\u00f3n desayuno almuerzo y cena<\/li><li>Snack<\/li><li>Bar abierto<\/li><li>Traslados aeropuerto hotel aeropuerto<\/li><li>Asistencia m\u00e9dica<\/li><\/ul>\n\n\n\n<div class=\"wp-block-image\"><figure class=\"aligncenter size-large\"><img decoding=\"async\" src=\"https:\/\/actours.com.co\/sitio\/wp-content\/uploads\/2020\/07\/x1.jpg\" alt=\"\" class=\"wp-image-885\"\/><\/figure><\/div>\n\n\n\n<div class=\"wp-block-image\"><figure class=\"aligncenter size-large\"><img decoding=\"async\" src=\"https:\/\/actours.com.co\/sitio\/wp-content\/uploads\/2020\/07\/x2.jpg\" alt=\"\" class=\"wp-image-886\"\/><\/figure><\/div>\n\n\n\n<div class=\"wp-block-image\"><figure class=\"aligncenter size-large\"><img decoding=\"async\" src=\"https:\/\/actours.com.co\/sitio\/wp-content\/uploads\/2020\/07\/x3.jpg\" alt=\"\" class=\"wp-image-887\"\/><\/figure><\/div>\n\n\n\n<div class=\"wp-block-image\"><figure class=\"aligncenter size-large\"><img decoding=\"async\" src=\"https:\/\/actours.com.co\/sitio\/wp-content\/uploads\/2020\/07\/x4.jpg\" alt=\"\" class=\"wp-image-888\"\/><\/figure><\/div>\n\n\n\n<div class=\"wp-block-image\"><figure class=\"aligncenter size-large\"><img decoding=\"async\" src=\"https:\/\/actours.com.co\/sitio\/wp-content\/uploads\/2020\/07\/x5.jpg\" alt=\"\" class=\"wp-image-889\"\/><\/figure><\/div>\n","protected":false},"excerpt":{"rendered":"<p>Este hotel, ubicado en la hermosa isla de san Andr\u00e9s en Colombia en el mar de los siete colores, a tan s\u00f3lo 5 minutos del aeropuerto, casa blanca encierra tota la magia y el encanto del caribe. Un hotel en san Andr\u00e9s frente a la playa. Incluye: Tiquetes a\u00e9reos Alimentaci\u00f3n desayuno almuerzo y cena Snack&hellip;&nbsp;<a href=\"https:\/\/actours.com.co\/sitio\/hotel-casa-blanca-san-andres-islas\/\" rel=\"bookmark\">Leer m\u00e1s &raquo;<span class=\"screen-reader-text\">Hotel Casa Blanca San Andr\u00e9s Islas<\/span><\/a><\/p>\n","protected":false},"author":1,"featured_media":0,"parent":0,"menu_order":0,"comment_status":"closed","ping_status":"closed","template":"","meta":{"neve_meta_sidebar":"","neve_meta_container":"","neve_meta_enable_content_width":"off","neve_meta_content_width":100,"neve_meta_title_alignment":"","neve_meta_author_avatar":"","neve_post_elements_order":"","neve_meta_disable_header":"","neve_meta_disable_footer":"","neve_meta_disable_title":"","_themeisle_gutenberg_block_has_review":false,"_joinchat":[],"footnotes":""},"class_list":["post-883","page","type-page","status-publish","hentry"],"_links":{"self":[{"href":"https:\/\/actours.com.co\/sitio\/wp-json\/wp\/v2\/pages\/883","targetHints":{"allow":["GET"]}}],"collection":[{"href":"https:\/\/actours.com.co\/sitio\/wp-json\/wp\/v2\/pages"}],"about":[{"href":"https:\/\/actours.com.co\/sitio\/wp-json\/wp\/v2\/types\/page"}],"author":[{"embeddable":true,"href":"https:\/\/actours.com.co\/sitio\/wp-json\/wp\/v2\/users\/1"}],"replies":[{"embeddable":true,"href":"https:\/\/actours.com.co\/sitio\/wp-json\/wp\/v2\/comments?post=883"}],"version-history":[{"count":1,"href":"https:\/\/actours.com.co\/sitio\/wp-json\/wp\/v2\/pages\/883\/revisions"}],"predecessor-version":[{"id":890,"href":"https:\/\/actours.com.co\/sitio\/wp-json\/wp\/v2\/pages\/883\/revisions\/890"}],"wp:attachment":[{"href":"https:\/\/actours.com.co\/sitio\/wp-json\/wp\/v2\/media?parent=883"}],"curies":[{"name":"wp","href":"https:\/\/api.w.org\/{rel}","templated":true}]}}