{"id":875,"date":"2020-07-22T18:01:47","date_gmt":"2020-07-22T18:01:47","guid":{"rendered":"https:\/\/actours.com.co\/sitio\/?page_id=875"},"modified":"2020-07-23T17:54:56","modified_gmt":"2020-07-23T17:54:56","slug":"hotel-bahia-sardina-san-andres","status":"publish","type":"page","link":"https:\/\/actours.com.co\/sitio\/hotel-bahia-sardina-san-andres\/","title":{"rendered":"Hotel Bah\u00eda Sardina San Andr\u00e9s"},"content":{"rendered":"\n<div class=\"wp-block-image\"><figure class=\"aligncenter size-large\"><img decoding=\"async\" src=\"https:\/\/actours.com.co\/sitio\/wp-content\/uploads\/2020\/07\/Hotel_Bah__a_Sar_55ca6ea9c8f15_260x135.jpg\" alt=\"\" class=\"wp-image-876\"\/><\/figure><\/div>\n\n\n\n<p>El Hotel bah\u00eda sardina est\u00e1 ubicado en el centro de la ciudad frente a al espectacular bah\u00eda de sprabigh y sobre la v\u00eda peatonal usted y su familia podr\u00e1n disfrutar de una tranquilidad que le ofrecen nuestro mar de atenciones y detalles.<\/p>\n\n\n\n<p>Incluye:<\/p>\n\n\n\n<ul class=\"wp-block-list\"><li>Tiquetes a\u00e9reos<\/li><li>Alimentaci\u00f3n desayuno almuerzo y cena<\/li><li>Snack<\/li><li>Bar abierto<\/li><li>Traslados aeropuerto hotel aeropuerto<\/li><li>Asistencia m\u00e9dica<\/li><\/ul>\n\n\n\n<div class=\"wp-block-image\"><figure class=\"aligncenter size-large\"><img decoding=\"async\" src=\"https:\/\/actours.com.co\/sitio\/wp-content\/uploads\/2020\/07\/s1.jpg\" alt=\"\" class=\"wp-image-877\"\/><\/figure><\/div>\n\n\n\n<div class=\"wp-block-image\"><figure class=\"aligncenter size-large\"><img decoding=\"async\" src=\"https:\/\/actours.com.co\/sitio\/wp-content\/uploads\/2020\/07\/s2.jpg\" alt=\"\" class=\"wp-image-878\"\/><\/figure><\/div>\n\n\n\n<div class=\"wp-block-image\"><figure class=\"aligncenter size-large\"><img decoding=\"async\" src=\"https:\/\/actours.com.co\/sitio\/wp-content\/uploads\/2020\/07\/s3.jpg\" alt=\"\" class=\"wp-image-879\"\/><\/figure><\/div>\n\n\n\n<div class=\"wp-block-image\"><figure class=\"aligncenter size-large\"><img decoding=\"async\" src=\"https:\/\/actours.com.co\/sitio\/wp-content\/uploads\/2020\/07\/s4.jpg\" alt=\"\" class=\"wp-image-880\"\/><\/figure><\/div>\n\n\n\n<div class=\"wp-block-image\"><figure class=\"aligncenter size-large\"><img decoding=\"async\" src=\"https:\/\/actours.com.co\/sitio\/wp-content\/uploads\/2020\/07\/s5.jpg\" alt=\"\" class=\"wp-image-881\"\/><\/figure><\/div>\n","protected":false},"excerpt":{"rendered":"<p>El Hotel bah\u00eda sardina est\u00e1 ubicado en el centro de la ciudad frente a al espectacular bah\u00eda de sprabigh y sobre la v\u00eda peatonal usted y su familia podr\u00e1n disfrutar de una tranquilidad que le ofrecen nuestro mar de atenciones y detalles. Incluye: Tiquetes a\u00e9reos Alimentaci\u00f3n desayuno almuerzo y cena Snack Bar abierto Traslados aeropuerto&hellip;&nbsp;<a href=\"https:\/\/actours.com.co\/sitio\/hotel-bahia-sardina-san-andres\/\" rel=\"bookmark\">Leer m\u00e1s &raquo;<span class=\"screen-reader-text\">Hotel Bah\u00eda Sardina San Andr\u00e9s<\/span><\/a><\/p>\n","protected":false},"author":1,"featured_media":0,"parent":0,"menu_order":0,"comment_status":"closed","ping_status":"closed","template":"","meta":{"neve_meta_sidebar":"","neve_meta_container":"","neve_meta_enable_content_width":"off","neve_meta_content_width":100,"neve_meta_title_alignment":"","neve_meta_author_avatar":"","neve_post_elements_order":"","neve_meta_disable_header":"","neve_meta_disable_footer":"","neve_meta_disable_title":"","_themeisle_gutenberg_block_has_review":false,"_joinchat":[],"footnotes":""},"class_list":["post-875","page","type-page","status-publish","hentry"],"_links":{"self":[{"href":"https:\/\/actours.com.co\/sitio\/wp-json\/wp\/v2\/pages\/875","targetHints":{"allow":["GET"]}}],"collection":[{"href":"https:\/\/actours.com.co\/sitio\/wp-json\/wp\/v2\/pages"}],"about":[{"href":"https:\/\/actours.com.co\/sitio\/wp-json\/wp\/v2\/types\/page"}],"author":[{"embeddable":true,"href":"https:\/\/actours.com.co\/sitio\/wp-json\/wp\/v2\/users\/1"}],"replies":[{"embeddable":true,"href":"https:\/\/actours.com.co\/sitio\/wp-json\/wp\/v2\/comments?post=875"}],"version-history":[{"count":2,"href":"https:\/\/actours.com.co\/sitio\/wp-json\/wp\/v2\/pages\/875\/revisions"}],"predecessor-version":[{"id":1018,"href":"https:\/\/actours.com.co\/sitio\/wp-json\/wp\/v2\/pages\/875\/revisions\/1018"}],"wp:attachment":[{"href":"https:\/\/actours.com.co\/sitio\/wp-json\/wp\/v2\/media?parent=875"}],"curies":[{"name":"wp","href":"https:\/\/api.w.org\/{rel}","templated":true}]}}