{"id":796,"date":"2020-07-22T14:58:25","date_gmt":"2020-07-22T14:58:25","guid":{"rendered":"https:\/\/actours.com.co\/sitio\/?page_id=796"},"modified":"2020-07-23T17:52:41","modified_gmt":"2020-07-23T17:52:41","slug":"documentacion","status":"publish","type":"page","link":"https:\/\/actours.com.co\/sitio\/documentacion\/","title":{"rendered":"Documentaci\u00f3n"},"content":{"rendered":"\n<div class=\"wp-block-columns is-layout-flex wp-container-core-columns-is-layout-9d6595d7 wp-block-columns-is-layout-flex\">\n<div class=\"wp-block-column is-layout-flow wp-block-column-is-layout-flow\">\n<div class=\"wp-block-image\"><figure class=\"aligncenter size-large\"><img decoding=\"async\" width=\"213\" height=\"135\" src=\"https:\/\/actours.com.co\/sitio\/wp-content\/uploads\/2020\/07\/Tarjeta_ISIC__In_55b7e69bcb647_260x135.jpg\" alt=\"\" class=\"wp-image-797\"\/><\/figure><\/div>\n<\/div>\n\n\n\n<div class=\"wp-block-column is-layout-flow wp-block-column-is-layout-flow\">\n<p><a href=\"https:\/\/actours.com.co\/sitio\/tarjeta-isic-international-identity-card\/\">Tarjeta ISIC (International Identity Card)<\/a><\/p>\n\n\n\n<p>Adquiere tu tarjeta ISIC e identif\u00edcate como estudiante a nivel internacional y accede a m\u00e1s de 45,000 beneficios en Colombia y en el mundo.<\/p>\n<\/div>\n<\/div>\n\n\n\n<div class=\"wp-block-columns is-layout-flex wp-container-core-columns-is-layout-9d6595d7 wp-block-columns-is-layout-flex\">\n<div class=\"wp-block-column is-layout-flow wp-block-column-is-layout-flow\">\n<div class=\"wp-block-image\"><figure class=\"aligncenter size-large\"><img decoding=\"async\" width=\"213\" height=\"135\" src=\"https:\/\/actours.com.co\/sitio\/wp-content\/uploads\/2020\/07\/Tarjeta_ITIC__In_55b7e78be5d63_260x135.jpg\" alt=\"\" class=\"wp-image-798\"\/><\/figure><\/div>\n<\/div>\n\n\n\n<div class=\"wp-block-column is-layout-flow wp-block-column-is-layout-flow\">\n<p><a href=\"https:\/\/actours.com.co\/sitio\/tarjeta-itic-international-profesor-identity-card\/\">Tarjeta ITIC (International Profesor Identity Card)<\/a><\/p>\n\n\n\n<p>La Tarjeta ITIC acredita tu condici\u00f3n profesional en m\u00e1s de 120 pa\u00edses y te permite acceder a miles de beneficios en Colombia y el Mundo.<\/p>\n<\/div>\n<\/div>\n\n\n\n<div class=\"wp-block-columns is-layout-flex wp-container-core-columns-is-layout-9d6595d7 wp-block-columns-is-layout-flex\">\n<div class=\"wp-block-column is-layout-flow wp-block-column-is-layout-flow\">\n<div class=\"wp-block-image\"><figure class=\"aligncenter size-large\"><img decoding=\"async\" width=\"213\" height=\"135\" src=\"https:\/\/actours.com.co\/sitio\/wp-content\/uploads\/2020\/07\/Tarjeta_YOUTH__I_55b7e7a1dfcd8_260x135-1.jpg\" alt=\"\" class=\"wp-image-800\"\/><\/figure><\/div>\n<\/div>\n\n\n\n<div class=\"wp-block-column is-layout-flow wp-block-column-is-layout-flow\">\n<p><a href=\"https:\/\/actours.com.co\/sitio\/tarjeta-youth-international-youth-travel-card\/\">Tarjeta YOUTH (International Youth Travel Card)<\/a><\/p>\n\n\n\n<p>Si concluiste el colegio o la universidad, o estas en receso y tienes entre 12 y 26 a\u00f1os; te encanta viajar en Colombia y en el Mundo. Tu tarjeta es YOUTH&nbsp;<\/p>\n<\/div>\n<\/div>\n\n\n\n<p><\/p>\n","protected":false},"excerpt":{"rendered":"<p>Tarjeta ISIC (International Identity Card) Adquiere tu tarjeta ISIC e identif\u00edcate como estudiante a nivel internacional y accede a m\u00e1s de 45,000 beneficios en Colombia y en el mundo. Tarjeta ITIC (International Profesor Identity Card) La Tarjeta ITIC acredita tu condici\u00f3n profesional en m\u00e1s de 120 pa\u00edses y te permite acceder a miles de beneficios&hellip;&nbsp;<a href=\"https:\/\/actours.com.co\/sitio\/documentacion\/\" rel=\"bookmark\">Leer m\u00e1s &raquo;<span class=\"screen-reader-text\">Documentaci\u00f3n<\/span><\/a><\/p>\n","protected":false},"author":1,"featured_media":0,"parent":0,"menu_order":0,"comment_status":"closed","ping_status":"closed","template":"","meta":{"neve_meta_sidebar":"","neve_meta_container":"","neve_meta_enable_content_width":"off","neve_meta_content_width":100,"neve_meta_title_alignment":"","neve_meta_author_avatar":"","neve_post_elements_order":"","neve_meta_disable_header":"","neve_meta_disable_footer":"","neve_meta_disable_title":"","_themeisle_gutenberg_block_has_review":false,"_joinchat":[],"footnotes":""},"class_list":["post-796","page","type-page","status-publish","hentry"],"_links":{"self":[{"href":"https:\/\/actours.com.co\/sitio\/wp-json\/wp\/v2\/pages\/796","targetHints":{"allow":["GET"]}}],"collection":[{"href":"https:\/\/actours.com.co\/sitio\/wp-json\/wp\/v2\/pages"}],"about":[{"href":"https:\/\/actours.com.co\/sitio\/wp-json\/wp\/v2\/types\/page"}],"author":[{"embeddable":true,"href":"https:\/\/actours.com.co\/sitio\/wp-json\/wp\/v2\/users\/1"}],"replies":[{"embeddable":true,"href":"https:\/\/actours.com.co\/sitio\/wp-json\/wp\/v2\/comments?post=796"}],"version-history":[{"count":4,"href":"https:\/\/actours.com.co\/sitio\/wp-json\/wp\/v2\/pages\/796\/revisions"}],"predecessor-version":[{"id":1017,"href":"https:\/\/actours.com.co\/sitio\/wp-json\/wp\/v2\/pages\/796\/revisions\/1017"}],"wp:attachment":[{"href":"https:\/\/actours.com.co\/sitio\/wp-json\/wp\/v2\/media?parent=796"}],"curies":[{"name":"wp","href":"https:\/\/api.w.org\/{rel}","templated":true}]}}