{"id":777,"date":"2020-07-22T06:02:26","date_gmt":"2020-07-22T06:02:26","guid":{"rendered":"https:\/\/actours.com.co\/sitio\/?page_id=777"},"modified":"2024-06-13T09:16:45","modified_gmt":"2024-06-13T14:16:45","slug":"politicas","status":"publish","type":"page","link":"https:\/\/actours.com.co\/sitio\/politicas\/","title":{"rendered":"Pol\u00edticas"},"content":{"rendered":"\n<div id=\"wp-block-themeisle-blocks-advanced-columns-069b72ad\" class=\"wp-block-themeisle-blocks-advanced-columns has-1-columns has-desktop-equal-layout has-tablet-equal-layout has-mobile-equal-layout has-vertical-unset has-default-gap\"><div class=\"wp-block-themeisle-blocks-advanced-columns-overlay\"><\/div><div class=\"innerblocks-wrap\">\n<div id=\"wp-block-themeisle-blocks-advanced-column-1e04b604\" class=\"wp-block-themeisle-blocks-advanced-column\">\n<p>Estamos sujetos al r\u00e9gimen de responsabilidad de la&nbsp;<a href=\"http:\/\/www.alcaldiabogota.gov.co\/sisjur\/normas\/Norma1.jsp?i=8634\" target=\"_blank\" rel=\"noreferrer noopener\">Ley 300 de 1996,<\/a><a href=\"http:\/\/www.alcaldiabogota.gov.co\/sisjur\/normas\/Norma1.jsp?i=39997\" target=\"_blank\" rel=\"noreferrer noopener\">Decreto 2438 de 2010<\/a>&nbsp;y dem\u00e1s reglamentarios donde se indique nuestra calidad de intermediarios.<\/p>\n\n\n\n<p>Con la\u00a0<a href=\"http:\/\/www.secretariasenado.gov.co\/senado\/basedoc\/ley_1098_2006.html\" target=\"_blank\" rel=\"noreferrer noopener\">ley 1098 de 2006<\/a>\u00a0nos sumamos a la protecci\u00f3n de los ni\u00f1os, ni\u00f1as y adolescentes contra la explotaci\u00f3n laboral infantil y nos acogemos a la\u00a0<a href=\"http:\/\/www.secretariasenado.gov.co\/senado\/basedoc\/ley_1482_2011.html\" target=\"_blank\" rel=\"noreferrer noopener\">ley 1482 de 2011<\/a>\u00a0protegiendo los derechos de las personas, los cuales son vulnerados a trav\u00e9s de actos de racismo o discriminaci\u00f3n.<\/p>\n\n\n\n<p>Adem\u00e1s estamos comprometidos con la&nbsp;<a href=\"http:\/\/www.alcaldiabogota.gov.co\/sisjur\/normas\/Norma1.jsp?i=45530\" target=\"_blank\" rel=\"noreferrer noopener\">Ley 17 de 1981<\/a>&nbsp;y&nbsp;<a href=\"http:\/\/www.secretariasenado.gov.co\/senado\/basedoc\/ley_1333_2009.html\" target=\"_blank\" rel=\"noreferrer noopener\">Ley 1333 de 2009<\/a>&nbsp;sobre Comercio Internacional de Especies Amenazadas de Fauna y Flora Silvestres, la&nbsp;<a href=\"http:\/\/www.archivogeneral.gov.co\/normatividad\/files\/original\/0be4293204ff407572373e84a19f0bf7.pdf\" target=\"_blank\" rel=\"noreferrer noopener\">Ley 63 de 1986<\/a>&nbsp;y&nbsp;<a href=\"http:\/\/www.alcaldiabogota.gov.co\/sisjur\/normas\/Norma1.jsp?i=29324\" target=\"_blank\" rel=\"noreferrer noopener\">Ley 1185 de 2008<\/a>&nbsp;sobre Comercio de Bienes Culturales y&nbsp;<a href=\"http:\/\/www.alcaldiabogota.gov.co\/sisjur\/normas\/Norma1.jsp?i=6427\" target=\"_blank\" rel=\"noreferrer noopener\">Resoluci\u00f3n 0584 de 2002<\/a>&nbsp;sobre Especies Silvestres que se encuentran amenazadas en el territorio nacional.<\/p>\n\n\n\n<p>\u00abLa explotaci\u00f3n y el abuso sexual de menores de edad es sancionado con pena privativa de la libertad conforme a lo previsto en la&nbsp;<a href=\"http:\/\/www.alcaldiabogota.gov.co\/sisjur\/normas\/Norma1.jsp?i=18309\" target=\"_blank\" rel=\"noreferrer noopener\">ley 679 de 2001.<\/a>\u201d Esta empresa se acoge y adopta las medidas legales establecidas en la&nbsp;<a href=\"http:\/\/www.alcaldiabogota.gov.co\/sisjur\/normas\/Norma1.jsp?i=38492\" target=\"_blank\" rel=\"noreferrer noopener\">resoluci\u00f3n numero 3840 de 2009<\/a><\/p>\n\n\n\n<p><a href=\"http:\/\/www.alcaldiabogota.gov.co\/sisjur\/normas\/Norma1.jsp?i=36878\" target=\"_blank\" rel=\"noreferrer noopener\">Ley 1335 Antitabaco<\/a><\/p>\n\n\n\n<p>Considere su responsabilidad ambiental antes de imprimir este documento \u00a1Piensa verde!<\/p>\n\n\n\n<p><\/p>\n\n\n\n<p><\/p>\n\n\n\n<p><\/p>\n<\/div>\n<\/div><\/div>\n","protected":false},"excerpt":{"rendered":"","protected":false},"author":1,"featured_media":0,"parent":0,"menu_order":0,"comment_status":"closed","ping_status":"closed","template":"","meta":{"neve_meta_sidebar":"","neve_meta_container":"","neve_meta_enable_content_width":"off","neve_meta_content_width":100,"neve_meta_title_alignment":"","neve_meta_author_avatar":"","neve_post_elements_order":"","neve_meta_disable_header":"","neve_meta_disable_footer":"","neve_meta_disable_title":"","_themeisle_gutenberg_block_has_review":false,"_joinchat":[],"footnotes":""},"class_list":["post-777","page","type-page","status-publish","hentry"],"_links":{"self":[{"href":"https:\/\/actours.com.co\/sitio\/wp-json\/wp\/v2\/pages\/777","targetHints":{"allow":["GET"]}}],"collection":[{"href":"https:\/\/actours.com.co\/sitio\/wp-json\/wp\/v2\/pages"}],"about":[{"href":"https:\/\/actours.com.co\/sitio\/wp-json\/wp\/v2\/types\/page"}],"author":[{"embeddable":true,"href":"https:\/\/actours.com.co\/sitio\/wp-json\/wp\/v2\/users\/1"}],"replies":[{"embeddable":true,"href":"https:\/\/actours.com.co\/sitio\/wp-json\/wp\/v2\/comments?post=777"}],"version-history":[{"count":4,"href":"https:\/\/actours.com.co\/sitio\/wp-json\/wp\/v2\/pages\/777\/revisions"}],"predecessor-version":[{"id":1328,"href":"https:\/\/actours.com.co\/sitio\/wp-json\/wp\/v2\/pages\/777\/revisions\/1328"}],"wp:attachment":[{"href":"https:\/\/actours.com.co\/sitio\/wp-json\/wp\/v2\/media?parent=777"}],"curies":[{"name":"wp","href":"https:\/\/api.w.org\/{rel}","templated":true}]}}