{"id":752,"date":"2020-07-22T05:17:32","date_gmt":"2020-07-22T05:17:32","guid":{"rendered":"https:\/\/actours.com.co\/sitio\/?page_id=752"},"modified":"2020-07-23T17:50:42","modified_gmt":"2020-07-23T17:50:42","slug":"buenas-practicas-de-turismo-sostenible","status":"publish","type":"page","link":"https:\/\/actours.com.co\/sitio\/buenas-practicas-de-turismo-sostenible\/","title":{"rendered":"Buenas pr\u00e1cticas de turismo sostenible"},"content":{"rendered":"\n<div class=\"wp-block-themeisle-blocks-advanced-columns has-1-columns has-desktop-equal-layout has-tablet-equal-layout has-mobile-equal-layout has-default-gap has-vertical-unset\" id=\"wp-block-themeisle-blocks-advanced-columns-cbcbf91c\"><div class=\"wp-block-themeisle-blocks-advanced-columns-overlay\"><\/div><div class=\"innerblocks-wrap\">\n<div class=\"wp-block-themeisle-blocks-advanced-column\" id=\"wp-block-themeisle-blocks-advanced-column-6b3f2fdc\">\n<p><strong>Buenas Practicas de Turismo sostenible<\/strong><\/p>\n\n\n\n<p>Ayude a conservar el entorno natural. Proteja la flora y la fauna silvestre y su h\u00e1bitat, y no compre productos elaborados a partir de plantas o animales en peligro o en v\u00eda de extinci\u00f3n.<\/p>\n\n\n\n<p>Utilice los recursos naturales, como el agua y la energ\u00eda, con moderaci\u00f3n. Recuerde que son bienes escasos.<\/p>\n\n\n\n<p>Trate de minimizar la generaci\u00f3n de residuos y realice una adecuada disposici\u00f3n seg\u00fan su clasificaci\u00f3n. Recuerde que son una fuente de contaminaci\u00f3n.<\/p>\n\n\n\n<p>Re\u00fana toda la informaci\u00f3n posible sobre su destino, y dedique tiempo a entender sus costumbres, normas y tradiciones. Evite los comportamientos que puedan ofender a la poblaci\u00f3n local.<\/p>\n\n\n\n<p>Cualquier forma de explotaci\u00f3n vulnera los objetivos fundamentales del turismo. La explotaci\u00f3n sexual infantil es un delito punible, tanto en el lugar donde se lleve a cabo como en el pa\u00eds de residencia de quien lo cometa.<\/p>\n\n\n\n<p>Su viaje puede contribuir al desarrollo econ\u00f3mico y social. Compre artesan\u00eda y productos locales para apoyar la econom\u00eda del lugar, y at\u00e9ngase a los principios del comercio justo.<\/p>\n\n\n\n<p>Antes de salir de viaje, inf\u00f3rmese sobre la situaci\u00f3n sanitaria efectiva de su destino y sobre el acceso en \u00e9l a servicios consulares y de emergencia, y aseg\u00farese de que su salud y su seguridad personal no correr\u00e1n peligro.<\/p>\n\n\n\n<p>Inf\u00f3rmese de la legislaci\u00f3n vigente para no cometer ning\u00fan acto que se considere delictivo en el pa\u00eds visitado. No trafique con drogas, armas, antig\u00fcedades, especies protegidas, ni productos o sustancias peligrosas o prohibidas por los reglamentos nacionales.<\/p>\n<\/div>\n<\/div><\/div>\n","protected":false},"excerpt":{"rendered":"","protected":false},"author":1,"featured_media":0,"parent":0,"menu_order":0,"comment_status":"closed","ping_status":"closed","template":"","meta":{"neve_meta_sidebar":"","neve_meta_container":"","neve_meta_enable_content_width":"off","neve_meta_content_width":100,"neve_meta_title_alignment":"","neve_meta_author_avatar":"","neve_post_elements_order":"","neve_meta_disable_header":"","neve_meta_disable_footer":"","neve_meta_disable_title":"","_themeisle_gutenberg_block_has_review":false,"_joinchat":[],"footnotes":""},"class_list":["post-752","page","type-page","status-publish","hentry"],"_links":{"self":[{"href":"https:\/\/actours.com.co\/sitio\/wp-json\/wp\/v2\/pages\/752","targetHints":{"allow":["GET"]}}],"collection":[{"href":"https:\/\/actours.com.co\/sitio\/wp-json\/wp\/v2\/pages"}],"about":[{"href":"https:\/\/actours.com.co\/sitio\/wp-json\/wp\/v2\/types\/page"}],"author":[{"embeddable":true,"href":"https:\/\/actours.com.co\/sitio\/wp-json\/wp\/v2\/users\/1"}],"replies":[{"embeddable":true,"href":"https:\/\/actours.com.co\/sitio\/wp-json\/wp\/v2\/comments?post=752"}],"version-history":[{"count":2,"href":"https:\/\/actours.com.co\/sitio\/wp-json\/wp\/v2\/pages\/752\/revisions"}],"predecessor-version":[{"id":754,"href":"https:\/\/actours.com.co\/sitio\/wp-json\/wp\/v2\/pages\/752\/revisions\/754"}],"wp:attachment":[{"href":"https:\/\/actours.com.co\/sitio\/wp-json\/wp\/v2\/media?parent=752"}],"curies":[{"name":"wp","href":"https:\/\/api.w.org\/{rel}","templated":true}]}}