{"id":740,"date":"2020-07-22T05:14:24","date_gmt":"2020-07-22T05:14:24","guid":{"rendered":"https:\/\/actours.com.co\/sitio\/?page_id=740"},"modified":"2020-07-23T17:50:16","modified_gmt":"2020-07-23T17:50:16","slug":"buenas-practicas-de-sostenibilidad","status":"publish","type":"page","link":"https:\/\/actours.com.co\/sitio\/buenas-practicas-de-sostenibilidad\/","title":{"rendered":"Buenas Practicas de Sostenibilidad"},"content":{"rendered":"\n<div class=\"wp-block-themeisle-blocks-advanced-columns has-1-columns has-desktop-equal-layout has-tablet-equal-layout has-mobile-equal-layout has-default-gap has-vertical-unset\" id=\"wp-block-themeisle-blocks-advanced-columns-e28b4687\"><div class=\"wp-block-themeisle-blocks-advanced-columns-overlay\"><\/div><div class=\"innerblocks-wrap\">\n<div class=\"wp-block-themeisle-blocks-advanced-column\" id=\"wp-block-themeisle-blocks-advanced-column-2730e993\">\n<p><strong>Buenas Practicas de sostenibilidad<\/strong><\/p>\n\n\n\n<div class=\"wp-block-image\"><figure class=\"aligncenter size-large\"><img fetchpriority=\"high\" decoding=\"async\" width=\"616\" height=\"264\" src=\"https:\/\/actours.com.co\/sitio\/wp-content\/uploads\/2020\/07\/turismo-sostenible-1.png\" alt=\"\" class=\"wp-image-742\" srcset=\"https:\/\/actours.com.co\/sitio\/wp-content\/uploads\/2020\/07\/turismo-sostenible-1.png 616w, https:\/\/actours.com.co\/sitio\/wp-content\/uploads\/2020\/07\/turismo-sostenible-1-300x129.png 300w\" sizes=\"(max-width: 616px) 100vw, 616px\" \/><figcaption>fuente: https:\/\/canalcultura.org\/<\/figcaption><\/figure><\/div>\n\n\n\n<ul class=\"wp-block-list\"><li>Promover la visita a los&nbsp;<a href=\"http:\/\/www.parquesnacionales.gov.co\/\">Parques Nacionales Naturales de Colombia.<\/a>&nbsp;especies de flora y fauna.<\/li><li>Informar a sus proveedores y clientes acerca de la normatividad legal vigente en los destinos que promociona o comercializa, para evitar el tr\u00e1fico ilegal de<\/li><li>Establecer un sistema para manejar de manera responsable la informaci\u00f3n acerca de los diferentes atractivos y actividades relacionadas con el patrimonio natural del pa\u00eds y promover su visita.<\/li><li>Liderar, apoyar o promover con las organizaciones y entidades competentes, campa\u00f1as enfocadas a la prevenci\u00f3n del tr\u00e1fico il\u00edcito de flora y fauna, teniendo en cuenta la reglamentaci\u00f3n vigente.<\/li><\/ul>\n<\/div>\n<\/div><\/div>\n\n\n\n<p class=\"has-text-align-center\"><strong>Buenas pr\u00e1cticas de ahorro de agua<\/strong><\/p>\n\n\n\n<div class=\"wp-block-image\"><figure class=\"aligncenter size-large\"><img decoding=\"async\" width=\"282\" height=\"289\" src=\"https:\/\/actours.com.co\/sitio\/wp-content\/uploads\/2020\/07\/turismo-sostenible-2.png\" alt=\"\" class=\"wp-image-743\"\/><figcaption>fuente: https:\/\/canalcultura.org\/<\/figcaption><\/figure><\/div>\n\n\n\n<ul class=\"wp-block-list\"><li>Hacer un buen uso del agua al momento de lavar la loza, manos.<\/li><li>Registrar y monitorear el consumo de agua peri\u00f3dicamente y fijar metas de manejo eficiente del recurso.<\/li><li>Desarrollar actividades de mantenimiento preventivo, para todos los equipos e instalaciones hidr\u00e1ulicas y sanitarias.<\/li><li>Desarrollar campa\u00f1as de sensibilizaci\u00f3n para el personal con el fin de disminuir el consumo de agua.<\/li><li>Sensibilizar a los clientes y proveedores para contribuir con el Turismo Sostenible a trav\u00e9s de un adecuado uso del agua.<\/li><\/ul>\n\n\n\n<p class=\"has-text-align-center\"><strong>Buenas pr\u00e1cticas de ahorro de energ\u00eda<\/strong><\/p>\n\n\n\n<div class=\"wp-block-image\"><figure class=\"aligncenter size-large\"><img decoding=\"async\" width=\"490\" height=\"318\" src=\"https:\/\/actours.com.co\/sitio\/wp-content\/uploads\/2020\/07\/turismo-sostenible-3.png\" alt=\"\" class=\"wp-image-744\" srcset=\"https:\/\/actours.com.co\/sitio\/wp-content\/uploads\/2020\/07\/turismo-sostenible-3.png 490w, https:\/\/actours.com.co\/sitio\/wp-content\/uploads\/2020\/07\/turismo-sostenible-3-300x195.png 300w\" sizes=\"(max-width: 490px) 100vw, 490px\" \/><figcaption>fuente: https:\/\/canalcultura.org\/<\/figcaption><\/figure><\/div>\n\n\n\n<ul class=\"wp-block-list\"><li>Configurar los equipos de c\u00f3mputo e impresora en ahorro de energ\u00eda, con esto podemos reducir el consumo de electricidad hasta un 50%.<\/li><li>Mantener limpios los equipos de c\u00f3mputo y herramientas de oficina para contribuir con el funcionamiento, evitar la p\u00e9rdida de tiempo y el desperdicio de energ\u00eda.<\/li><li>Llevar un registro de los consumos totales de energ\u00eda y establecer metas de manejo eficiente del recurso.<\/li><li>Desarrollar actividades de mantenimiento preventivo, para todos los equipos e instalaciones de las fuentes de energ\u00eda.<\/li><li>Apagar o minimizar los sistemas de aire acondicionado en las oficinas no ocupadas, sala de reuniones vac\u00edas y fuera de las horas de trabajo.<\/li><li>Apagar los equipos de c\u00f3mputo, impresoras y dem\u00e1s aparatos el\u00e9ctricos una vez finalizada la jornada Laboral.<\/li><li>Utilizar l\u00e1mparas ahorradoras con balasto el\u00e9ctrico y bombillos ahorradores.<\/li><li>Aprovechar la iluminaci\u00f3n natural organizando los puestos de trabajo de manera que reciban luz natural y manteniendo limpias las ventanas.<\/li><li>Sensibilizar a los clientes y proveedores para contribuir con el Turismo Sostenible a trav\u00e9s de un adecuado uso de la energ\u00eda.<\/li><li>Desarrollar campa\u00f1as de sensibilizaci\u00f3n para el personal con el fin de disminuir el consumo de energ\u00eda.<\/li><\/ul>\n\n\n\n<p class=\"has-text-align-center\"><strong>Buenas pr\u00e1cticas de recolecci\u00f3n de residuos<\/strong><\/p>\n\n\n\n<div class=\"wp-block-image\"><figure class=\"aligncenter size-large\"><img loading=\"lazy\" decoding=\"async\" width=\"400\" height=\"363\" src=\"https:\/\/actours.com.co\/sitio\/wp-content\/uploads\/2020\/07\/turismo-sostenible-4.png\" alt=\"\" class=\"wp-image-745\" srcset=\"https:\/\/actours.com.co\/sitio\/wp-content\/uploads\/2020\/07\/turismo-sostenible-4.png 400w, https:\/\/actours.com.co\/sitio\/wp-content\/uploads\/2020\/07\/turismo-sostenible-4-300x272.png 300w\" sizes=\"(max-width: 400px) 100vw, 400px\" \/><figcaption>fuente: https:\/\/canalcultura.org\/<\/figcaption><\/figure><\/div>\n\n\n\n<ul class=\"wp-block-list\"><li>Proveer los recipientes necesarios para la separaci\u00f3n de los residuos.<\/li><li>Realizar capacitaci\u00f3n dirigida al personal para garantizar la adecuada separaci\u00f3n de los residuos.<\/li><li>Llevar un registro de la cantidad mensual y tipo de residuos que genera.<\/li><li>Incorporar un recipiente para depositar las pilas usadas y luego disponerlas apropiadamente.<\/li><li>Promover el uso de pocillos de oficina para evitar la generaci\u00f3n de residuos pl\u00e1sticos con los vasos desechables.<\/li><li>Contar con una empresa autorizada que recolecta los cartuchos de tinta y\/o t\u00f3ner, ya que son residuos peligrosos.<\/li><li>Desarrollar campa\u00f1as de sensibilizaci\u00f3n ambiental para la separaci\u00f3n de los residuos enfocada a la minimizaci\u00f3n, reutilizaci\u00f3n, separaci\u00f3n y reciclaje.<\/li><li>Sensibilizar a los clientes y proveedores para contribuir con el Turismo Sostenible a trav\u00e9s de una adecuada disposici\u00f3n de los residuos.<\/li><\/ul>\n\n\n\n<p class=\"has-text-align-center\"><strong>Buenas pr\u00e1cticas de ahorro y uso eficiente del papel<\/strong><\/p>\n\n\n\n<div class=\"wp-block-image\"><figure class=\"aligncenter size-large\"><img loading=\"lazy\" decoding=\"async\" width=\"255\" height=\"283\" src=\"https:\/\/actours.com.co\/sitio\/wp-content\/uploads\/2020\/07\/turismo-sostenible-5.png\" alt=\"\" class=\"wp-image-746\"\/><figcaption>fuente: https:\/\/canalcultura.org\/<\/figcaption><\/figure><\/div>\n\n\n\n<ul class=\"wp-block-list\"><li>Promover el uso del papel ecol\u00f3gico<\/li><li>Desarrollar campa\u00f1as de sensibilizaci\u00f3n ambiental para la el adecuado uso del papel.<\/li><li>Evitar el uso de papel siempre que sea posible e imprimir los documentos internos en papel reciclado y a doble cara.<\/li><li>Continuar imprimiendo no menos del 50 % de los materiales en papel con contenido de material reciclado.<\/li><\/ul>\n\n\n\n<p class=\"has-text-align-center\"><strong>Buenas pr\u00e1cticas de patrimonio cultural<\/strong><\/p>\n\n\n\n<div class=\"wp-block-image\"><figure class=\"aligncenter size-large\"><img loading=\"lazy\" decoding=\"async\" width=\"600\" height=\"258\" src=\"https:\/\/actours.com.co\/sitio\/wp-content\/uploads\/2020\/07\/turismo-sostenible-6.png\" alt=\"\" class=\"wp-image-747\" srcset=\"https:\/\/actours.com.co\/sitio\/wp-content\/uploads\/2020\/07\/turismo-sostenible-6.png 600w, https:\/\/actours.com.co\/sitio\/wp-content\/uploads\/2020\/07\/turismo-sostenible-6-300x129.png 300w\" sizes=\"(max-width: 600px) 100vw, 600px\" \/><figcaption>fuente: https:\/\/canalcultura.org\/<\/figcaption><\/figure><\/div>\n\n\n\n<ul class=\"wp-block-list\"><li>Emplear en la decoraci\u00f3n manifestaciones art\u00edsticas producidas y elaboradas en el \u00e1mbito local, regional o nacional, \u00e9stas deben utilizarse de manera responsable.<\/li><li>Liderar, apoyar o promover con las organizaciones y entidades competentes, campa\u00f1as enfocadas a la prevenci\u00f3n del tr\u00e1fico il\u00edcito de bienes culturales, teniendo en cuenta la reglamentaci\u00f3n vigente.<\/li><li>Establecer un sistema para manejar de manera respetuosa la informaci\u00f3n acerca de los diferentes atractivos y actividades relacionadas con el patrimonio&nbsp;<a href=\"http:\/\/www.mincultura.gov.co\/areas\/patrimonio\/Paginas\/default.aspx\">cultural<\/a>&nbsp;del pa\u00eds y promover su visita<\/li><\/ul>\n\n\n\n<p class=\"has-text-align-center\"><strong>Buenas pr\u00e1cticas para la prevenci\u00f3n contra la explotaci\u00f3n y el comercio sexual con menores de edad relacionado con la actividad tur\u00edstica<\/strong><\/p>\n\n\n\n<div class=\"wp-block-image\"><figure class=\"aligncenter size-large\"><img loading=\"lazy\" decoding=\"async\" width=\"440\" height=\"329\" src=\"https:\/\/actours.com.co\/sitio\/wp-content\/uploads\/2020\/07\/turismo-sostenible-7.png\" alt=\"\" class=\"wp-image-748\" srcset=\"https:\/\/actours.com.co\/sitio\/wp-content\/uploads\/2020\/07\/turismo-sostenible-7.png 440w, https:\/\/actours.com.co\/sitio\/wp-content\/uploads\/2020\/07\/turismo-sostenible-7-300x224.png 300w\" sizes=\"(max-width: 440px) 100vw, 440px\" \/><figcaption>fuente: https:\/\/canalcultura.org\/<\/figcaption><\/figure><\/div>\n\n\n\n<ul class=\"wp-block-list\"><li>Liderar, apoyar o promover con las organizaciones y entidades competentes, campa\u00f1as enfocadas a la prevenci\u00f3n del comercio y explotaci\u00f3n sexual con menores de edad, y denunciar los casos seg\u00fan la legislaci\u00f3n vigente.<\/li><li>Contar con un programa de capacitaci\u00f3n para la prevenci\u00f3n del comercio sexual con menores de edad, conforme a la legislaci\u00f3n vigente dirigido a empleados y dem\u00e1s personal vinculado.<\/li><li>Informar a sus proveedores sobre su compromiso con la prevenci\u00f3n del comercio y explotaci\u00f3n sexual con menores de edad a trav\u00e9s del turismo.<\/li><li>Apoyar a la autoridad competente con el link de&nbsp;<a href=\"http:\/\/www.teprotejo.org\/\">Te protejo.<\/a><\/li><\/ul>\n\n\n\n<p class=\"has-text-align-center\"><strong>Buenas pr\u00e1cticas para la contrataci\u00f3n y generaci\u00f3n de empleo<\/strong><\/p>\n\n\n\n<ul class=\"wp-block-list\"><li>Apoyar la generaci\u00f3n de empleo, en condiciones justas y equitativas, vinculando a las comunidades locales de manera directa.<\/li><li>Promover la compra y el consumo de bienes y servicios producidos y comercializados por la comunidad local en los destinos que opera, de acuerdo con la disponibilidad del mercado.<\/li><li>Promover la compra y el consumo de bienes y servicios producidos y comercializados por poblaci\u00f3n vulnerable en los destinos que opera, siempre y cuando estos ofrezcan servicios tur\u00edsticos.<\/li><li>Evitar la explotaci\u00f3n laboral infantil en los programas que promociona o comercializa.<\/li><li>Evitar ejercer discriminaci\u00f3n de raza o g\u00e9nero en los programas que promociona o comercializa.<\/li><\/ul>\n\n\n\n<p class=\"has-text-align-center\"><strong>Buenas pr\u00e1cticas de capacitaci\u00f3n de las comunidades locales<\/strong><\/p>\n\n\n\n<div class=\"wp-block-image\"><figure class=\"aligncenter size-large\"><img loading=\"lazy\" decoding=\"async\" width=\"295\" height=\"249\" src=\"https:\/\/actours.com.co\/sitio\/wp-content\/uploads\/2020\/07\/turismo-sostenible-8.png\" alt=\"\" class=\"wp-image-749\"\/><figcaption>fuente: https:\/\/canalcultura.org\/<\/figcaption><\/figure><\/div>\n\n\n\n<ul class=\"wp-block-list\"><li>Apoyar el desarrollo de programas de capacitaci\u00f3n a las comunidades de los destinos que opera.<\/li><li>Demostrar y promover una participaci\u00f3n activa en las diferentes actividades sociales, recreativas o ben\u00e9ficas convocadas por organizaciones comunales o empresas locales.<\/li><li>Utilizar, promover y apoyar la comercializaci\u00f3n de artesan\u00edas y productos caracter\u00edsticos de la regi\u00f3n fabricados por personas o empresas locales, en condiciones comerciales justas.<\/li><\/ul>\n\n\n\n<div class=\"wp-block-image\"><figure class=\"aligncenter size-large\"><img loading=\"lazy\" decoding=\"async\" width=\"551\" height=\"310\" src=\"https:\/\/actours.com.co\/sitio\/wp-content\/uploads\/2020\/07\/politicas-sostenibilidad-10.png\" alt=\"\" class=\"wp-image-750\" srcset=\"https:\/\/actours.com.co\/sitio\/wp-content\/uploads\/2020\/07\/politicas-sostenibilidad-10.png 551w, https:\/\/actours.com.co\/sitio\/wp-content\/uploads\/2020\/07\/politicas-sostenibilidad-10-300x169.png 300w\" sizes=\"(max-width: 551px) 100vw, 551px\" \/><figcaption>fuente: https:\/\/canalcultura.org\/<\/figcaption><\/figure><\/div>\n","protected":false},"excerpt":{"rendered":"<p>Buenas pr\u00e1cticas de ahorro de agua Hacer un buen uso del agua al momento de lavar la loza, manos. Registrar y monitorear el consumo de agua peri\u00f3dicamente y fijar metas de manejo eficiente del recurso. Desarrollar actividades de mantenimiento preventivo, para todos los equipos e instalaciones hidr\u00e1ulicas y sanitarias. Desarrollar campa\u00f1as de sensibilizaci\u00f3n para el&hellip;&nbsp;<a href=\"https:\/\/actours.com.co\/sitio\/buenas-practicas-de-sostenibilidad\/\" rel=\"bookmark\">Leer m\u00e1s &raquo;<span class=\"screen-reader-text\">Buenas Practicas de Sostenibilidad<\/span><\/a><\/p>\n","protected":false},"author":1,"featured_media":0,"parent":0,"menu_order":0,"comment_status":"closed","ping_status":"closed","template":"","meta":{"neve_meta_sidebar":"","neve_meta_container":"","neve_meta_enable_content_width":"off","neve_meta_content_width":100,"neve_meta_title_alignment":"","neve_meta_author_avatar":"","neve_post_elements_order":"","neve_meta_disable_header":"","neve_meta_disable_footer":"","neve_meta_disable_title":"","_themeisle_gutenberg_block_has_review":false,"_joinchat":[],"footnotes":""},"class_list":["post-740","page","type-page","status-publish","hentry"],"_links":{"self":[{"href":"https:\/\/actours.com.co\/sitio\/wp-json\/wp\/v2\/pages\/740","targetHints":{"allow":["GET"]}}],"collection":[{"href":"https:\/\/actours.com.co\/sitio\/wp-json\/wp\/v2\/pages"}],"about":[{"href":"https:\/\/actours.com.co\/sitio\/wp-json\/wp\/v2\/types\/page"}],"author":[{"embeddable":true,"href":"https:\/\/actours.com.co\/sitio\/wp-json\/wp\/v2\/users\/1"}],"replies":[{"embeddable":true,"href":"https:\/\/actours.com.co\/sitio\/wp-json\/wp\/v2\/comments?post=740"}],"version-history":[{"count":2,"href":"https:\/\/actours.com.co\/sitio\/wp-json\/wp\/v2\/pages\/740\/revisions"}],"predecessor-version":[{"id":1013,"href":"https:\/\/actours.com.co\/sitio\/wp-json\/wp\/v2\/pages\/740\/revisions\/1013"}],"wp:attachment":[{"href":"https:\/\/actours.com.co\/sitio\/wp-json\/wp\/v2\/media?parent=740"}],"curies":[{"name":"wp","href":"https:\/\/api.w.org\/{rel}","templated":true}]}}