{"id":738,"date":"2020-07-22T04:40:58","date_gmt":"2020-07-22T04:40:58","guid":{"rendered":"https:\/\/actours.com.co\/sitio\/?page_id=738"},"modified":"2024-06-12T11:47:43","modified_gmt":"2024-06-12T16:47:43","slug":"politicas-de-sostenibilidad","status":"publish","type":"page","link":"https:\/\/actours.com.co\/sitio\/politicas-de-sostenibilidad\/","title":{"rendered":"Pol\u00edtica Integrada"},"content":{"rendered":"\t\t<div data-elementor-type=\"wp-page\" data-elementor-id=\"738\" class=\"elementor elementor-738\">\n\t\t\t\t\t\t<section class=\"elementor-section elementor-top-section elementor-element elementor-element-4d789bdf elementor-section-boxed elementor-section-height-default elementor-section-height-default\" data-id=\"4d789bdf\" data-element_type=\"section\" data-e-type=\"section\">\n\t\t\t\t\t\t<div class=\"elementor-container elementor-column-gap-default\">\n\t\t\t\t\t<div class=\"elementor-column elementor-col-100 elementor-top-column elementor-element elementor-element-2aa881d8\" data-id=\"2aa881d8\" data-element_type=\"column\" data-e-type=\"column\">\n\t\t\t<div class=\"elementor-widget-wrap elementor-element-populated\">\n\t\t\t\t\t\t<div class=\"elementor-element elementor-element-1b7fc7fe elementor-widget elementor-widget-text-editor\" data-id=\"1b7fc7fe\" data-element_type=\"widget\" data-e-type=\"widget\" data-widget_type=\"text-editor.default\">\n\t\t\t\t<div class=\"elementor-widget-container\">\n\t\t\t\t\t\t\t\t\t\n<p class=\"has-text-align-center\"><span style=\"color: #000000;\"><strong>Pol\u00edtica de Sostenibilidad<\/strong><\/span><\/p>\n<p><span style=\"color: #000000;\"><\/span><\/p>\n<p><span style=\"color: #000000;\">La Agencia de Viajes Actours SAS. Conforme lo establece el concepto de turismo sostenible, se compromete a controlar y optimizar los recursos h\u00eddricos, energ\u00e9ticos y lograr el aprovechamiento de los residuos s\u00f3lidos. A brindar capacitaci\u00f3n a sus empleados en temas ambientales, socioculturales y econ\u00f3micos que garanticen minimizar los impactos negativos producidos por nuestras actividades; adem\u00e1s sensibilizar a sus clientes en la conservaci\u00f3n y protecci\u00f3n del medio ambiente entre otros temas sostenibles. Apoyar a las comunidades locales promoviendo su desarrollo econ\u00f3mico y participar activamente en las diferentes actividades sociales, convocadas por diferentes organizaciones.<\/span><\/p>\n<p><span style=\"color: #000000;\"><\/span><\/p>\n<p class=\"has-text-align-center\"><span style=\"color: #000000;\"><strong>Objetivos de sostenibilidad<\/strong><\/span><\/p>\n<p><span style=\"color: #000000;\"><\/span><\/p>\n<ul class=\"wp-block-list\">\n<li><span style=\"color: #000000;\">Controlar y optimizar los recursos h\u00eddricos y energ\u00e9ticos<\/span><\/li>\n\n<li><span style=\"color: #000000;\">Lograr el aprovechamiento de los residuos s\u00f3lidos.<\/span><\/li>\n\n<li><span style=\"color: #000000;\">Brindar capacitaci\u00f3n a sus empleados en temas ambientales, socioculturales y econ\u00f3micos.<\/span><\/li>\n\n<li><span style=\"color: #000000;\">Sensibilizar a sus clientes en la conservaci\u00f3n y protecci\u00f3n del medio ambiente entre otros temas sostenibles.<\/span><\/li>\n\n<li><span style=\"color: #000000;\">Apoyar a las comunidades locales promoviendo su desarrollo econ\u00f3mico.<\/span><\/li>\n\n<li><span style=\"color: #000000;\">Participar activamente en las diferentes actividades sociales, convocadas por diferentes organizaciones<\/span><\/li>\n<\/ul>\n<p><span style=\"color: #000000;\"><\/span><\/p>\n<p><span style=\"color: #000000;\">Con el fin de hacer conocer la pol\u00edtica, el responsable de la documentaci\u00f3n del sistema de gesti\u00f3n de sostenibilidad, la difunde al personal vinculado y la mantiene a disposici\u00f3n para el p\u00fablico y para otras partes interesadas.<\/span><\/p>\n<p>\u00a0<\/p>\n\t\t\t\t\t\t\t\t<\/div>\n\t\t\t\t<\/div>\n\t\t\t\t\t<\/div>\n\t\t<\/div>\n\t\t\t\t\t<\/div>\n\t\t<\/section>\n\t\t\t\t<\/div>\n\t\t","protected":false},"excerpt":{"rendered":"<p>Pol\u00edtica de Sostenibilidad La Agencia de Viajes Actours SAS. Conforme lo establece el concepto de turismo sostenible, se compromete a controlar y optimizar los recursos h\u00eddricos, energ\u00e9ticos y lograr el aprovechamiento de los residuos s\u00f3lidos. A brindar capacitaci\u00f3n a sus empleados en temas ambientales, socioculturales y econ\u00f3micos que garanticen minimizar los impactos negativos producidos por&hellip;&nbsp;<a href=\"https:\/\/actours.com.co\/sitio\/politicas-de-sostenibilidad\/\" rel=\"bookmark\">Leer m\u00e1s &raquo;<span class=\"screen-reader-text\">Pol\u00edtica Integrada<\/span><\/a><\/p>\n","protected":false},"author":1,"featured_media":0,"parent":0,"menu_order":0,"comment_status":"closed","ping_status":"closed","template":"","meta":{"neve_meta_sidebar":"","neve_meta_container":"","neve_meta_enable_content_width":"off","neve_meta_content_width":100,"neve_meta_title_alignment":"","neve_meta_author_avatar":"","neve_post_elements_order":"","neve_meta_disable_header":"","neve_meta_disable_footer":"","neve_meta_disable_title":"","_themeisle_gutenberg_block_has_review":false,"_joinchat":[],"footnotes":""},"class_list":["post-738","page","type-page","status-publish","hentry"],"_links":{"self":[{"href":"https:\/\/actours.com.co\/sitio\/wp-json\/wp\/v2\/pages\/738","targetHints":{"allow":["GET"]}}],"collection":[{"href":"https:\/\/actours.com.co\/sitio\/wp-json\/wp\/v2\/pages"}],"about":[{"href":"https:\/\/actours.com.co\/sitio\/wp-json\/wp\/v2\/types\/page"}],"author":[{"embeddable":true,"href":"https:\/\/actours.com.co\/sitio\/wp-json\/wp\/v2\/users\/1"}],"replies":[{"embeddable":true,"href":"https:\/\/actours.com.co\/sitio\/wp-json\/wp\/v2\/comments?post=738"}],"version-history":[{"count":8,"href":"https:\/\/actours.com.co\/sitio\/wp-json\/wp\/v2\/pages\/738\/revisions"}],"predecessor-version":[{"id":1306,"href":"https:\/\/actours.com.co\/sitio\/wp-json\/wp\/v2\/pages\/738\/revisions\/1306"}],"wp:attachment":[{"href":"https:\/\/actours.com.co\/sitio\/wp-json\/wp\/v2\/media?parent=738"}],"curies":[{"name":"wp","href":"https:\/\/api.w.org\/{rel}","templated":true}]}}