{"id":723,"date":"2020-07-21T21:21:38","date_gmt":"2020-07-21T21:21:38","guid":{"rendered":"https:\/\/actours.com.co\/sitio\/?page_id=723"},"modified":"2024-07-02T15:57:28","modified_gmt":"2024-07-02T20:57:28","slug":"quienes-somos","status":"publish","type":"page","link":"https:\/\/actours.com.co\/sitio\/quienes-somos\/","title":{"rendered":"Qui\u00e9nes somos"},"content":{"rendered":"\t\t<div data-elementor-type=\"wp-page\" data-elementor-id=\"723\" class=\"elementor elementor-723\">\n\t\t\t\t\t\t<section class=\"elementor-section elementor-top-section elementor-element elementor-element-3c70715 elementor-section-boxed elementor-section-height-default elementor-section-height-default\" data-id=\"3c70715\" data-element_type=\"section\" data-e-type=\"section\">\n\t\t\t\t\t\t<div class=\"elementor-container elementor-column-gap-default\">\n\t\t\t\t\t<div class=\"elementor-column elementor-col-100 elementor-top-column elementor-element elementor-element-423a50b\" data-id=\"423a50b\" data-element_type=\"column\" data-e-type=\"column\">\n\t\t\t<div class=\"elementor-widget-wrap elementor-element-populated\">\n\t\t\t\t\t\t<div class=\"elementor-element elementor-element-86bd65f elementor-widget elementor-widget-text-editor\" data-id=\"86bd65f\" data-element_type=\"widget\" data-e-type=\"widget\" data-widget_type=\"text-editor.default\">\n\t\t\t\t<div class=\"elementor-widget-container\">\n\t\t\t\t\t\t\t\t\t<p><span style=\"color: #000000;\">Las agencias de viajes ACTOURS son una sociedad por acciones simplificadas, compuesta por capital privado y creada en el a\u00f1o 1993.<\/span><\/p><p><span style=\"color: #000000;\">ACTOURS naci\u00f3 como una nueva alternativa, basada en una clara visi\u00f3n de desarrollo, iniciativa, creatividad y especialmente: SERVICIO AL CLIENTE para asesorar en programaci\u00f3n de viajes en forma integral; brinda su profesional asesor\u00eda en materia de viajes a todos los niveles: negocios, recreaci\u00f3n, ecoturismo, vacaciones familiares, tr\u00e1mites de visado y renovaci\u00f3n ante las principales embajadas; alquiler de autos, asistencia m\u00e9dica y todos los servicios y productos afines a los viajes.<\/span><\/p><p><span style=\"color: #000000;\">Hoy somos una importante empresa dentro del sector, con capacidad para satisfacer y asesorar a nuestros clientes principalmente, en el momento de viajar; es una compa\u00f1\u00eda moderna y tecnificada, comprometida con el manejo \u00f3ptimo de sus cuentas corporativas.<\/span><\/p><p class=\"subtitulo\"><span style=\"color: #000000;\"><strong>I. ASPECTOS DE INFRAESTRUCTURA<\/strong><\/span><\/p><p class=\"texto\"><span style=\"color: #000000;\">Para garantizar una prestaci\u00f3n de servicio profesional, \u00e9tico, transparente y \u00e1gil, contamos con los siguientes aspectos m\u00e1s relevantes:<\/span><\/p><ul class=\"list\"><li><span style=\"color: #000000;\">Acreditaci\u00f3n IATA: (Asociaci\u00f3n de transporte a\u00e9reo internacional), es la entidad que regula, supervisa y controla todos los movimientos de pasajeros a nivel mundial.<\/span><\/li><li><span style=\"color: #000000;\">Afiliados al grupo tur\u00edstico colombiano OVER S.A., que brinda soporte de servicios y negociaciones a nivel nacional e internacional para prestar un mejor asesor\u00eda.<\/span><\/li><li><span style=\"color: #000000;\">Asociada a ANATO (Asociaci\u00f3n Nacional de agencias de viajes y transporte).<\/span><\/li><li><span style=\"color: #000000;\">Registro nacional de proponentes n\u00famero 001 de la c\u00e1mara de comercio del municipio de Dosquebradas para contratar con entidades del estado.<\/span><\/li><li><span style=\"color: #000000;\">Modernos y tecnificados sistemas de reservas nacionales e internacionales, los cuales nos permiten realizar movimientos con todas las aerol\u00edneas, hoteles, cruceros, trenes, empresas de alquiler de veh\u00edculos y empresas de asistencia m\u00e9dica de todo el mundo.<\/span><\/li><li><span style=\"color: #000000;\">Oficinas modernas y confortables, atendidas por un equipo conocedor, profesional y experimentado de asesores comerciales; personal administrativo suficientemente capacitado que soluciona r\u00e1pidamente cualquier situaci\u00f3n de facturaci\u00f3n o de pagos; personal de mensajer\u00eda motorizado y dotado de sistemas de comunicaci\u00f3n para atender \u00e1gilmente cualquier solicitud de servicio a domicilio.<\/span><\/li><li><span style=\"color: #000000;\">Reserva y suministro de tiquetes a\u00e9reos nacionales e internacionales, mar\u00edtimos, terrestres y trenes.<\/span><\/li><li><span style=\"color: #000000;\">Oficina de atenci\u00f3n en los principales aeropuertos del pa\u00eds.<\/span><\/li><\/ul><h4 class=\"subtitulo\"><span style=\"color: #000000;\"><strong>MISI\u00d3N Y VISI\u00d3N<\/strong><\/span><\/h4><p class=\"subtitulo\"><span style=\"color: #000000;\"><strong>MISI\u00d3N<\/strong><\/span><\/p><p class=\"texto\"><span style=\"color: #000000;\">Contribuimos con el mejoramiento de la calidad de vida de los viajeros, prest\u00e1ndoles servicios profesionales de asesor\u00eda en viajes de \u00f3ptima calidad asegur\u00e1ndoles la mejor relaci\u00f3n costo-beneficio, favoreciendo constantemente el mercado de los viajes, con propuestas nuevas y productos innovadores que facilitan la realizaci\u00f3n de sue\u00f1os, negocios y expectativas.<\/span><\/p><p class=\"subtitulo\"><span style=\"color: #000000;\"><strong>VISI\u00d3N<\/strong><\/span><\/p><p class=\"texto\"><span style=\"color: #000000;\">La agencia de viajes Actours SAS, en el a\u00f1o 2030 ser\u00e1 una agencia l\u00edder en el eje cafetero y reconocida como una de las mejores agencias a nivel nacional, por la excelencia y compromiso en la prestaci\u00f3n de los servicios, adem\u00e1s seguiremos comprometidos brindando la mejor opci\u00f3n de turismo sostenible, mejorando la calidad de vida de las comunidades, as\u00ed mismo seguiremos trabajando para dar cumplimiento a las normas de calidad, buscando la mejora continua para una mejor experiencia y satisfacci\u00f3n del cliente.<\/span><\/p>\t\t\t\t\t\t\t\t<\/div>\n\t\t\t\t<\/div>\n\t\t\t\t\t<\/div>\n\t\t<\/div>\n\t\t\t\t\t<\/div>\n\t\t<\/section>\n\t\t\t\t<\/div>\n\t\t","protected":false},"excerpt":{"rendered":"<p>Las agencias de viajes ACTOURS son una sociedad por acciones simplificadas, compuesta por capital privado y creada en el a\u00f1o 1993. ACTOURS naci\u00f3 como una nueva alternativa, basada en una clara visi\u00f3n de desarrollo, iniciativa, creatividad y especialmente: SERVICIO AL CLIENTE para asesorar en programaci\u00f3n de viajes en forma integral; brinda su profesional asesor\u00eda en&hellip;&nbsp;<a href=\"https:\/\/actours.com.co\/sitio\/quienes-somos\/\" rel=\"bookmark\">Leer m\u00e1s &raquo;<span class=\"screen-reader-text\">Qui\u00e9nes somos<\/span><\/a><\/p>\n","protected":false},"author":1,"featured_media":0,"parent":0,"menu_order":0,"comment_status":"closed","ping_status":"closed","template":"","meta":{"neve_meta_sidebar":"","neve_meta_container":"","neve_meta_enable_content_width":"off","neve_meta_content_width":100,"neve_meta_title_alignment":"","neve_meta_author_avatar":"","neve_post_elements_order":"","neve_meta_disable_header":"","neve_meta_disable_footer":"","neve_meta_disable_title":"","_themeisle_gutenberg_block_has_review":false,"_joinchat":[],"footnotes":""},"class_list":["post-723","page","type-page","status-publish","hentry"],"_links":{"self":[{"href":"https:\/\/actours.com.co\/sitio\/wp-json\/wp\/v2\/pages\/723","targetHints":{"allow":["GET"]}}],"collection":[{"href":"https:\/\/actours.com.co\/sitio\/wp-json\/wp\/v2\/pages"}],"about":[{"href":"https:\/\/actours.com.co\/sitio\/wp-json\/wp\/v2\/types\/page"}],"author":[{"embeddable":true,"href":"https:\/\/actours.com.co\/sitio\/wp-json\/wp\/v2\/users\/1"}],"replies":[{"embeddable":true,"href":"https:\/\/actours.com.co\/sitio\/wp-json\/wp\/v2\/comments?post=723"}],"version-history":[{"count":10,"href":"https:\/\/actours.com.co\/sitio\/wp-json\/wp\/v2\/pages\/723\/revisions"}],"predecessor-version":[{"id":1608,"href":"https:\/\/actours.com.co\/sitio\/wp-json\/wp\/v2\/pages\/723\/revisions\/1608"}],"wp:attachment":[{"href":"https:\/\/actours.com.co\/sitio\/wp-json\/wp\/v2\/media?parent=723"}],"curies":[{"name":"wp","href":"https:\/\/api.w.org\/{rel}","templated":true}]}}