{"id":1533,"date":"2024-06-25T10:28:33","date_gmt":"2024-06-25T15:28:33","guid":{"rendered":"https:\/\/actours.com.co\/sitio\/?page_id=1533"},"modified":"2024-07-02T14:59:37","modified_gmt":"2024-07-02T19:59:37","slug":"cruceros","status":"publish","type":"page","link":"https:\/\/actours.com.co\/sitio\/cruceros\/","title":{"rendered":"Cruceros"},"content":{"rendered":"\n<p>Unas vacaciones de ensue\u00f1o en la m\u00e1s absoluta calma. A bordo de un crucero, todo est\u00e1 pensado para hacer que tu tiempo corra muy despacio y tengas m\u00e1s oportunidades de disfrutar cada minuto.<\/p>\n\n\n\n<figure class=\"wp-block-gallery has-nested-images columns-default is-cropped wp-block-gallery-1 is-layout-flex wp-block-gallery-is-layout-flex\">\n<figure class=\"wp-block-image size-large\"><img fetchpriority=\"high\" decoding=\"async\" width=\"745\" height=\"1024\" data-id=\"1569\" src=\"https:\/\/actours.com.co\/sitio\/wp-content\/uploads\/2024\/07\/crucero-caribe-745x1024.jpg\" alt=\"\" class=\"wp-image-1569\" srcset=\"https:\/\/actours.com.co\/sitio\/wp-content\/uploads\/2024\/07\/crucero-caribe-745x1024.jpg 745w, https:\/\/actours.com.co\/sitio\/wp-content\/uploads\/2024\/07\/crucero-caribe-218x300.jpg 218w, https:\/\/actours.com.co\/sitio\/wp-content\/uploads\/2024\/07\/crucero-caribe-768x1056.jpg 768w, https:\/\/actours.com.co\/sitio\/wp-content\/uploads\/2024\/07\/crucero-caribe.jpg 800w\" sizes=\"(max-width: 745px) 100vw, 745px\" \/><\/figure>\n\n\n\n<figure class=\"wp-block-image size-large\"><img decoding=\"async\" width=\"784\" height=\"1024\" data-id=\"1570\" src=\"https:\/\/actours.com.co\/sitio\/wp-content\/uploads\/2024\/07\/crucero-europa-784x1024.jpg\" alt=\"\" class=\"wp-image-1570\" srcset=\"https:\/\/actours.com.co\/sitio\/wp-content\/uploads\/2024\/07\/crucero-europa-784x1024.jpg 784w, https:\/\/actours.com.co\/sitio\/wp-content\/uploads\/2024\/07\/crucero-europa-230x300.jpg 230w, https:\/\/actours.com.co\/sitio\/wp-content\/uploads\/2024\/07\/crucero-europa-768x1003.jpg 768w, https:\/\/actours.com.co\/sitio\/wp-content\/uploads\/2024\/07\/crucero-europa.jpg 800w\" sizes=\"(max-width: 784px) 100vw, 784px\" \/><\/figure>\n\n\n\n<figure class=\"wp-block-image size-large\"><img decoding=\"async\" width=\"745\" height=\"1024\" data-id=\"1571\" src=\"https:\/\/actours.com.co\/sitio\/wp-content\/uploads\/2024\/07\/crucero-miami-745x1024.jpg\" alt=\"\" class=\"wp-image-1571\" srcset=\"https:\/\/actours.com.co\/sitio\/wp-content\/uploads\/2024\/07\/crucero-miami-745x1024.jpg 745w, https:\/\/actours.com.co\/sitio\/wp-content\/uploads\/2024\/07\/crucero-miami-218x300.jpg 218w, https:\/\/actours.com.co\/sitio\/wp-content\/uploads\/2024\/07\/crucero-miami-768x1056.jpg 768w, https:\/\/actours.com.co\/sitio\/wp-content\/uploads\/2024\/07\/crucero-miami.jpg 800w\" sizes=\"(max-width: 745px) 100vw, 745px\" \/><\/figure>\n<\/figure>\n\n\n\n<p><\/p>\n","protected":false},"excerpt":{"rendered":"<p>Unas vacaciones de ensue\u00f1o en la m\u00e1s absoluta calma. A bordo de un crucero, todo est\u00e1 pensado para hacer que tu tiempo corra muy despacio y tengas m\u00e1s oportunidades de disfrutar cada minuto.<\/p>\n","protected":false},"author":4,"featured_media":0,"parent":0,"menu_order":0,"comment_status":"closed","ping_status":"closed","template":"","meta":{"neve_meta_sidebar":"","neve_meta_container":"","neve_meta_enable_content_width":"","neve_meta_content_width":0,"neve_meta_title_alignment":"","neve_meta_author_avatar":"","neve_post_elements_order":"","neve_meta_disable_header":"","neve_meta_disable_footer":"","neve_meta_disable_title":"","_themeisle_gutenberg_block_has_review":false,"_joinchat":[],"footnotes":""},"class_list":["post-1533","page","type-page","status-publish","hentry"],"_links":{"self":[{"href":"https:\/\/actours.com.co\/sitio\/wp-json\/wp\/v2\/pages\/1533","targetHints":{"allow":["GET"]}}],"collection":[{"href":"https:\/\/actours.com.co\/sitio\/wp-json\/wp\/v2\/pages"}],"about":[{"href":"https:\/\/actours.com.co\/sitio\/wp-json\/wp\/v2\/types\/page"}],"author":[{"embeddable":true,"href":"https:\/\/actours.com.co\/sitio\/wp-json\/wp\/v2\/users\/4"}],"replies":[{"embeddable":true,"href":"https:\/\/actours.com.co\/sitio\/wp-json\/wp\/v2\/comments?post=1533"}],"version-history":[{"count":5,"href":"https:\/\/actours.com.co\/sitio\/wp-json\/wp\/v2\/pages\/1533\/revisions"}],"predecessor-version":[{"id":1587,"href":"https:\/\/actours.com.co\/sitio\/wp-json\/wp\/v2\/pages\/1533\/revisions\/1587"}],"wp:attachment":[{"href":"https:\/\/actours.com.co\/sitio\/wp-json\/wp\/v2\/media?parent=1533"}],"curies":[{"name":"wp","href":"https:\/\/api.w.org\/{rel}","templated":true}]}}