{"id":1531,"date":"2024-06-25T10:28:09","date_gmt":"2024-06-25T15:28:09","guid":{"rendered":"https:\/\/actours.com.co\/sitio\/?page_id=1531"},"modified":"2024-06-25T11:04:35","modified_gmt":"2024-06-25T16:04:35","slug":"tours","status":"publish","type":"page","link":"https:\/\/actours.com.co\/sitio\/tours\/","title":{"rendered":"Tours"},"content":{"rendered":"\n<p>Ofrecemos a nuestros clientes Tours predise\u00f1ados con fecha de salida programada y una completa programaci\u00f3n o podemos personalizar el tour de acuerdo a tus preferencias y sitios de inter\u00e9s<\/p>\n\n\n\n<figure class=\"wp-block-gallery has-nested-images columns-default is-cropped wp-block-gallery-1 is-layout-flex wp-block-gallery-is-layout-flex\">\n<figure class=\"wp-block-image size-large\"><img fetchpriority=\"high\" decoding=\"async\" width=\"483\" height=\"767\" data-id=\"1555\" src=\"https:\/\/actours.com.co\/sitio\/wp-content\/uploads\/2024\/06\/canada.png\" alt=\"\" class=\"wp-image-1555\" srcset=\"https:\/\/actours.com.co\/sitio\/wp-content\/uploads\/2024\/06\/canada.png 483w, https:\/\/actours.com.co\/sitio\/wp-content\/uploads\/2024\/06\/canada-189x300.png 189w\" sizes=\"(max-width: 483px) 100vw, 483px\" \/><\/figure>\n\n\n\n<figure class=\"wp-block-image size-large\"><img decoding=\"async\" width=\"480\" height=\"763\" data-id=\"1556\" src=\"https:\/\/actours.com.co\/sitio\/wp-content\/uploads\/2024\/06\/europa-por-primera-vez.png\" alt=\"\" class=\"wp-image-1556\" srcset=\"https:\/\/actours.com.co\/sitio\/wp-content\/uploads\/2024\/06\/europa-por-primera-vez.png 480w, https:\/\/actours.com.co\/sitio\/wp-content\/uploads\/2024\/06\/europa-por-primera-vez-189x300.png 189w\" sizes=\"(max-width: 480px) 100vw, 480px\" \/><\/figure>\n\n\n\n<figure class=\"wp-block-image size-large\"><img decoding=\"async\" width=\"483\" height=\"765\" data-id=\"1557\" src=\"https:\/\/actours.com.co\/sitio\/wp-content\/uploads\/2024\/06\/peru.png\" alt=\"\" class=\"wp-image-1557\" srcset=\"https:\/\/actours.com.co\/sitio\/wp-content\/uploads\/2024\/06\/peru.png 483w, https:\/\/actours.com.co\/sitio\/wp-content\/uploads\/2024\/06\/peru-189x300.png 189w\" sizes=\"(max-width: 483px) 100vw, 483px\" \/><\/figure>\n\n\n\n<figure class=\"wp-block-image size-large\"><img loading=\"lazy\" decoding=\"async\" width=\"485\" height=\"863\" data-id=\"1558\" src=\"https:\/\/actours.com.co\/sitio\/wp-content\/uploads\/2024\/06\/tierra-santa.png\" alt=\"\" class=\"wp-image-1558\" srcset=\"https:\/\/actours.com.co\/sitio\/wp-content\/uploads\/2024\/06\/tierra-santa.png 485w, https:\/\/actours.com.co\/sitio\/wp-content\/uploads\/2024\/06\/tierra-santa-169x300.png 169w\" sizes=\"(max-width: 485px) 100vw, 485px\" \/><\/figure>\n\n\n\n<figure class=\"wp-block-image size-large\"><img loading=\"lazy\" decoding=\"async\" width=\"1024\" height=\"1024\" data-id=\"1562\" src=\"https:\/\/actours.com.co\/sitio\/wp-content\/uploads\/2024\/06\/Carrusel-Post-China-MB-1-1024x1024.jpg\" alt=\"\" class=\"wp-image-1562\" srcset=\"https:\/\/actours.com.co\/sitio\/wp-content\/uploads\/2024\/06\/Carrusel-Post-China-MB-1-1024x1024.jpg 1024w, https:\/\/actours.com.co\/sitio\/wp-content\/uploads\/2024\/06\/Carrusel-Post-China-MB-1-300x300.jpg 300w, https:\/\/actours.com.co\/sitio\/wp-content\/uploads\/2024\/06\/Carrusel-Post-China-MB-1-150x150.jpg 150w, https:\/\/actours.com.co\/sitio\/wp-content\/uploads\/2024\/06\/Carrusel-Post-China-MB-1-768x768.jpg 768w, https:\/\/actours.com.co\/sitio\/wp-content\/uploads\/2024\/06\/Carrusel-Post-China-MB-1.jpg 1080w\" sizes=\"(max-width: 1024px) 100vw, 1024px\" \/><\/figure>\n\n\n\n<figure class=\"wp-block-image size-large\"><img loading=\"lazy\" decoding=\"async\" width=\"478\" height=\"763\" data-id=\"1560\" src=\"https:\/\/actours.com.co\/sitio\/wp-content\/uploads\/2024\/06\/viva-mexico.png\" alt=\"\" class=\"wp-image-1560\" srcset=\"https:\/\/actours.com.co\/sitio\/wp-content\/uploads\/2024\/06\/viva-mexico.png 478w, https:\/\/actours.com.co\/sitio\/wp-content\/uploads\/2024\/06\/viva-mexico-188x300.png 188w\" sizes=\"(max-width: 478px) 100vw, 478px\" \/><\/figure>\n<\/figure>\n","protected":false},"excerpt":{"rendered":"<p>Ofrecemos a nuestros clientes Tours predise\u00f1ados con fecha de salida programada y una completa programaci\u00f3n o podemos personalizar el tour de acuerdo a tus preferencias y sitios de inter\u00e9s<\/p>\n","protected":false},"author":4,"featured_media":0,"parent":0,"menu_order":0,"comment_status":"closed","ping_status":"closed","template":"","meta":{"neve_meta_sidebar":"","neve_meta_container":"","neve_meta_enable_content_width":"","neve_meta_content_width":0,"neve_meta_title_alignment":"","neve_meta_author_avatar":"","neve_post_elements_order":"","neve_meta_disable_header":"","neve_meta_disable_footer":"","neve_meta_disable_title":"","_themeisle_gutenberg_block_has_review":false,"_joinchat":[],"footnotes":""},"class_list":["post-1531","page","type-page","status-publish","hentry"],"_links":{"self":[{"href":"https:\/\/actours.com.co\/sitio\/wp-json\/wp\/v2\/pages\/1531","targetHints":{"allow":["GET"]}}],"collection":[{"href":"https:\/\/actours.com.co\/sitio\/wp-json\/wp\/v2\/pages"}],"about":[{"href":"https:\/\/actours.com.co\/sitio\/wp-json\/wp\/v2\/types\/page"}],"author":[{"embeddable":true,"href":"https:\/\/actours.com.co\/sitio\/wp-json\/wp\/v2\/users\/4"}],"replies":[{"embeddable":true,"href":"https:\/\/actours.com.co\/sitio\/wp-json\/wp\/v2\/comments?post=1531"}],"version-history":[{"count":3,"href":"https:\/\/actours.com.co\/sitio\/wp-json\/wp\/v2\/pages\/1531\/revisions"}],"predecessor-version":[{"id":1563,"href":"https:\/\/actours.com.co\/sitio\/wp-json\/wp\/v2\/pages\/1531\/revisions\/1563"}],"wp:attachment":[{"href":"https:\/\/actours.com.co\/sitio\/wp-json\/wp\/v2\/media?parent=1531"}],"curies":[{"name":"wp","href":"https:\/\/api.w.org\/{rel}","templated":true}]}}