{"id":1341,"date":"2024-06-13T09:19:38","date_gmt":"2024-06-13T14:19:38","guid":{"rendered":"https:\/\/actours.com.co\/sitio\/?page_id=1341"},"modified":"2024-06-13T09:23:09","modified_gmt":"2024-06-13T14:23:09","slug":"politica-del-sistema-integrado-de-gestion","status":"publish","type":"page","link":"https:\/\/actours.com.co\/sitio\/politica-del-sistema-integrado-de-gestion\/","title":{"rendered":"Pol\u00edtica del Sistema Integrado de Gesti\u00f3n"},"content":{"rendered":"\t\t<div data-elementor-type=\"wp-page\" data-elementor-id=\"1341\" class=\"elementor elementor-1341\">\n\t\t\t\t\t\t<section class=\"elementor-section elementor-top-section elementor-element elementor-element-611571cd elementor-section-boxed elementor-section-height-default elementor-section-height-default\" data-id=\"611571cd\" data-element_type=\"section\" data-e-type=\"section\">\n\t\t\t\t\t\t<div class=\"elementor-container elementor-column-gap-default\">\n\t\t\t\t\t<div class=\"elementor-column elementor-col-100 elementor-top-column elementor-element elementor-element-40626000\" data-id=\"40626000\" data-element_type=\"column\" data-e-type=\"column\">\n\t\t\t<div class=\"elementor-widget-wrap elementor-element-populated\">\n\t\t\t\t\t\t<div class=\"elementor-element elementor-element-26d18b11 elementor-widget elementor-widget-text-editor\" data-id=\"26d18b11\" data-element_type=\"widget\" data-e-type=\"widget\" data-widget_type=\"text-editor.default\">\n\t\t\t\t<div class=\"elementor-widget-container\">\n\t\t\t\t\t\t\t\t\t\n<p class=\"has-text-align-left\"><span style=\"color: #000000;\">La agencia de viajes ACTOURS SAS, empresa dedicada a la venta de tiquetes a\u00e9reos, paquetes <\/span><span style=\"color: #000000;\">tur\u00edsticos, asistencias de viaje entre otros, se compromete con la implementaci\u00f3n y mejoramiento <\/span><span style=\"color: #000000;\">continuo de un Sistema Integrado de Gesti\u00f3n en funci\u00f3n de la sostenibilidad ambiental, <\/span><span style=\"color: #000000;\">sociocultural y econ\u00f3mico del entorno y la seguridad y salud en el trabajo para la gesti\u00f3n de los <\/span><span style=\"color: #000000;\">riesgos laborales de los trabajadores y contratistas. <\/span><span style=\"color: #000000;\">En la agencia de viajes ACTOURS SAS., se identifican los peligros, se eval\u00faan y valoran los <\/span><span style=\"color: #000000;\">riesgos que generan la actividad econ\u00f3mica; ya sea realizada por los trabajadores, o por <\/span><span style=\"color: #000000;\">contratistas, estableciendo los respectivos controles, cumple con la normatividad legal vigente. <\/span><span style=\"color: #000000;\">As\u00ed mismo se establecen las actividades que puedan afectar los aspectos ambientales, <\/span><span style=\"color: #000000;\">socioculturales, econ\u00f3micos, de seguridad vial; definiendo programas que permitan mitigar los <\/span><span style=\"color: #000000;\">efectos y sensibilizar a los trabajadores, clientes, proveedores y comunidad en general. Se hace <\/span><span style=\"color: #000000;\">expreso el compromiso de trabajar en contra de la explotaci\u00f3n sexual comercial de ni\u00f1os ni\u00f1as y <\/span><span style=\"color: #000000;\">adolescentes ESCNNA., y se compromete a formar a los trabajadores para fortalecer los <\/span><span style=\"color: #000000;\">comportamientos positivos de seguridad vial en el marco de la Ley 1503 de 2011. <\/span><span style=\"color: #000000;\">El cumplimiento de esta pol\u00edtica se hace extensivo a los dos centros de trabajo ubicados en el <\/span><span style=\"color: #000000;\">municipio de Dosquebradas, y municipio de Pereira.<\/span><\/p>\n<p><span style=\"color: #000000;\"><\/span><\/p>\n<p class=\"has-text-align-center\"><br \/><strong><span style=\"color: #000000;\">OBJETIVOS DE LA POL\u00cdTICA<\/span><\/strong><\/p>\n<ul>\n<li class=\"has-text-align-center\" style=\"text-align: left;\"><span style=\"color: #000000;\">Implementar acciones eficaces que contribuyan el mejoramiento continuo del Sistema <\/span><span style=\"color: #000000;\">Integrado de Gesti\u00f3n.<\/span><\/li>\n<li class=\"has-text-align-center\" style=\"text-align: left;\"><span style=\"color: #000000;\">Identificar los peligros, evaluar y valorar los riesgos y establecer los respectivos controles.<\/span><\/li>\n<li class=\"has-text-align-center\" style=\"text-align: left;\"><span style=\"color: #000000;\">Proteger la seguridad y salud de todos los trabajadores.<\/span><\/li>\n<li class=\"has-text-align-center\" style=\"text-align: left;\"><span style=\"color: #000000;\">Cumplir con la normatividad legal vigente aplicable en materia de sostenibilidad ambiental, <\/span><span style=\"color: #000000;\">sociocultural y econ\u00f3mica, seguridad vial y seguridad y salud en el trabajo.<\/span><\/li>\n<li class=\"has-text-align-center\" style=\"text-align: left;\"><span style=\"color: #000000;\">Identificar las actividades que puedan afectar los aspectos ambientales, socioculturales, <\/span><span style=\"color: #000000;\">econ\u00f3micos y de seguridad vial, definiendo programas que permitan mitigar los efectos.<\/span><\/li>\n<li class=\"has-text-align-center\" style=\"text-align: left;\"><span style=\"color: #000000;\">Prevenir la explotaci\u00f3n sexual comercial de ni\u00f1os ni\u00f1as y adolescentes ESCNNA.<\/span><\/li>\n<li class=\"has-text-align-center\" style=\"text-align: left;\"><span style=\"color: #000000;\">Sensibilizar a trabajadores, clientes, proveedores y comunidad en general.<\/span><\/li>\n<\/ul>\n<p><span style=\"color: #000000;\"><\/span><\/p>\n\t\t\t\t\t\t\t\t<\/div>\n\t\t\t\t<\/div>\n\t\t\t\t\t<\/div>\n\t\t<\/div>\n\t\t\t\t\t<\/div>\n\t\t<\/section>\n\t\t\t\t<\/div>\n\t\t","protected":false},"excerpt":{"rendered":"<p>La agencia de viajes ACTOURS SAS, empresa dedicada a la venta de tiquetes a\u00e9reos, paquetes tur\u00edsticos, asistencias de viaje entre otros, se compromete con la implementaci\u00f3n y mejoramiento continuo de un Sistema Integrado de Gesti\u00f3n en funci\u00f3n de la sostenibilidad ambiental, sociocultural y econ\u00f3mico del entorno y la seguridad y salud en el trabajo para&hellip;&nbsp;<a href=\"https:\/\/actours.com.co\/sitio\/politica-del-sistema-integrado-de-gestion\/\" rel=\"bookmark\">Leer m\u00e1s &raquo;<span class=\"screen-reader-text\">Pol\u00edtica del Sistema Integrado de Gesti\u00f3n<\/span><\/a><\/p>\n","protected":false},"author":4,"featured_media":0,"parent":0,"menu_order":0,"comment_status":"closed","ping_status":"closed","template":"","meta":{"neve_meta_sidebar":"","neve_meta_container":"","neve_meta_enable_content_width":"","neve_meta_content_width":0,"neve_meta_title_alignment":"","neve_meta_author_avatar":"","neve_post_elements_order":"","neve_meta_disable_header":"","neve_meta_disable_footer":"","neve_meta_disable_title":"","_themeisle_gutenberg_block_has_review":false,"_joinchat":[],"footnotes":""},"class_list":["post-1341","page","type-page","status-publish","hentry"],"_links":{"self":[{"href":"https:\/\/actours.com.co\/sitio\/wp-json\/wp\/v2\/pages\/1341","targetHints":{"allow":["GET"]}}],"collection":[{"href":"https:\/\/actours.com.co\/sitio\/wp-json\/wp\/v2\/pages"}],"about":[{"href":"https:\/\/actours.com.co\/sitio\/wp-json\/wp\/v2\/types\/page"}],"author":[{"embeddable":true,"href":"https:\/\/actours.com.co\/sitio\/wp-json\/wp\/v2\/users\/4"}],"replies":[{"embeddable":true,"href":"https:\/\/actours.com.co\/sitio\/wp-json\/wp\/v2\/comments?post=1341"}],"version-history":[{"count":4,"href":"https:\/\/actours.com.co\/sitio\/wp-json\/wp\/v2\/pages\/1341\/revisions"}],"predecessor-version":[{"id":1345,"href":"https:\/\/actours.com.co\/sitio\/wp-json\/wp\/v2\/pages\/1341\/revisions\/1345"}],"wp:attachment":[{"href":"https:\/\/actours.com.co\/sitio\/wp-json\/wp\/v2\/media?parent=1341"}],"curies":[{"name":"wp","href":"https:\/\/api.w.org\/{rel}","templated":true}]}}