{"id":1198,"date":"2024-04-23T11:41:33","date_gmt":"2024-04-23T16:41:33","guid":{"rendered":"https:\/\/actours.com.co\/sitio\/?page_id=1198"},"modified":"2024-07-17T10:22:39","modified_gmt":"2024-07-17T15:22:39","slug":"visa-americana-b1-b2","status":"publish","type":"page","link":"https:\/\/actours.com.co\/sitio\/visa-americana-b1-b2\/","title":{"rendered":"VISA AMERICANA B1\/B2"},"content":{"rendered":"\n<p>Somos expertos realizando el tr\u00e1mite de la visa de turista ante la embajada americana por primera vez y renovaci\u00f3n <\/p>\n\n\n\n<p>El proceso consta de:<\/p>\n\n\n\n<ul class=\"wp-block-list\">\n<li>Diligenciar el Formulario DS-160 de no inmigrante para requerimiento de la visa.<\/li>\n\n\n\n<li>Inscripci\u00f3n en la p\u00e1gina de la embajada.<\/li>\n\n\n\n<li>Diligenciar el formulario de la embajada americana.<\/li>\n\n\n\n<li>Pago de los derechos consulares.<\/li>\n\n\n\n<li>Agendamiento de cita(s).<\/li>\n\n\n\n<li>Pago del env\u00edo retorno del documento por medio de Fedex.<\/li>\n<\/ul>\n\n\n\n<p><\/p>\n\n\n<div class=\"wp-block-image\">\n<figure class=\"aligncenter size-full\"><img fetchpriority=\"high\" decoding=\"async\" width=\"600\" height=\"397\" src=\"https:\/\/actours.com.co\/sitio\/wp-content\/uploads\/2024\/07\/foto-visa.jpg\" alt=\"\" class=\"wp-image-1581\" srcset=\"https:\/\/actours.com.co\/sitio\/wp-content\/uploads\/2024\/07\/foto-visa.jpg 600w, https:\/\/actours.com.co\/sitio\/wp-content\/uploads\/2024\/07\/foto-visa-300x199.jpg 300w\" sizes=\"(max-width: 600px) 100vw, 600px\" \/><\/figure>\n<\/div>\n\n\n<p class=\"has-text-align-center\"><strong>\u00a1\u00a1Solo tendr\u00e1s que presentarte en Bogot\u00e1 el d\u00eda que se agend\u00f3 tu cita y listo!!<\/strong><\/p>\n\n\n\n<p><\/p>\n","protected":false},"excerpt":{"rendered":"<p>Somos expertos realizando el tr\u00e1mite de la visa de turista ante la embajada americana por primera vez y renovaci\u00f3n El proceso consta de: \u00a1\u00a1Solo tendr\u00e1s que presentarte en Bogot\u00e1 el d\u00eda que se agend\u00f3 tu cita y listo!!<\/p>\n","protected":false},"author":4,"featured_media":0,"parent":0,"menu_order":0,"comment_status":"closed","ping_status":"closed","template":"","meta":{"neve_meta_sidebar":"","neve_meta_container":"","neve_meta_enable_content_width":"","neve_meta_content_width":0,"neve_meta_title_alignment":"","neve_meta_author_avatar":"","neve_post_elements_order":"","neve_meta_disable_header":"","neve_meta_disable_footer":"","neve_meta_disable_title":"","_themeisle_gutenberg_block_has_review":false,"_joinchat":[],"footnotes":""},"class_list":["post-1198","page","type-page","status-publish","hentry"],"_links":{"self":[{"href":"https:\/\/actours.com.co\/sitio\/wp-json\/wp\/v2\/pages\/1198","targetHints":{"allow":["GET"]}}],"collection":[{"href":"https:\/\/actours.com.co\/sitio\/wp-json\/wp\/v2\/pages"}],"about":[{"href":"https:\/\/actours.com.co\/sitio\/wp-json\/wp\/v2\/types\/page"}],"author":[{"embeddable":true,"href":"https:\/\/actours.com.co\/sitio\/wp-json\/wp\/v2\/users\/4"}],"replies":[{"embeddable":true,"href":"https:\/\/actours.com.co\/sitio\/wp-json\/wp\/v2\/comments?post=1198"}],"version-history":[{"count":3,"href":"https:\/\/actours.com.co\/sitio\/wp-json\/wp\/v2\/pages\/1198\/revisions"}],"predecessor-version":[{"id":1640,"href":"https:\/\/actours.com.co\/sitio\/wp-json\/wp\/v2\/pages\/1198\/revisions\/1640"}],"wp:attachment":[{"href":"https:\/\/actours.com.co\/sitio\/wp-json\/wp\/v2\/media?parent=1198"}],"curies":[{"name":"wp","href":"https:\/\/api.w.org\/{rel}","templated":true}]}}